{"id":96359,"date":"2021-05-18T14:39:36","date_gmt":"2021-05-18T12:39:36","guid":{"rendered":"https:\/\/macingova.com\/?post_type=product&#038;p=96359"},"modified":"2025-01-15T09:48:07","modified_gmt":"2025-01-15T08:48:07","slug":"mesacny-jedalnicek-na-mieru","status":"publish","type":"product","link":"https:\/\/macingova.com\/cs\/produkt\/mesacny-jedalnicek-na-mieru\/","title":{"rendered":"Mesa\u010dn\u00fd jed\u00e1lni\u010dek na mieru\u200b"},"content":{"rendered":"<p>T\u00fa\u017eite by\u0165 celo\u017eivotne zdrav\u00ed, pr\u00edpadne sa vr\u00e1ti\u0165 do zdravia, ktor\u00e9 &#8220;sa cestou \u017eivotom vytratilo&#8221;? Chcete svoj \u017eivot zmeni\u0165 tak, aby ste sa prestali tr\u00e1pi\u0165 chudnut\u00edm, h\u013eadan\u00edm nov\u00fdch sp\u00f4sobov stravovania a di\u00e9tami, ma\u0165 dostatok energie a vitality? Existuje iba jedna cesta. A tou okrem prirodzen\u00e9ho pohybu a n\u00e1vratu k pr\u00edrode je celo\u017eivotn\u00e1 zmena doteraj\u0161\u00edch stravovac\u00edch n\u00e1vykov.<\/p>\n","protected":false},"excerpt":{"rendered":"<p>T\u00fa\u017eite by\u0165 celo\u017eivotne zdrav\u00ed, pr\u00edpadne sa vr\u00e1ti\u0165 do zdravia, ktor\u00e9 &#8220;sa cestou \u017eivotom vytratilo&#8221;? Chcete svoj \u017eivot zmeni\u0165 tak, aby ste sa prestali tr\u00e1pi\u0165 chudnut\u00edm, h\u013eadan\u00edm nov\u00fdch sp\u00f4sobov stravovania a di\u00e9tami, ma\u0165 dostatok energie a vitality? Existuje iba jedna cesta. A tou okrem prirodzen\u00e9ho pohybu a n\u00e1vratu k pr\u00edrode je celo\u017eivotn\u00e1 zmena doteraj\u0161\u00edch stravovac\u00edch n\u00e1vykov.<\/p>\n","protected":false},"featured_media":146798,"comment_status":"open","ping_status":"closed","template":"","meta":{"rank_math_lock_modified_date":false,"_mi_skip_tracking":false,"_monsterinsights_sitenote_active":false,"_monsterinsights_sitenote_note":"","_monsterinsights_sitenote_category":0,"site-sidebar-layout":"default","site-content-layout":"default","ast-site-content-layout":"default","site-content-style":"default","site-sidebar-style":"default","ast-global-header-display":"","ast-banner-title-visibility":"","ast-main-header-display":"","ast-hfb-above-header-display":"","ast-hfb-below-header-display":"","ast-hfb-mobile-header-display":"","site-post-title":"","ast-breadcrumbs-content":"","ast-featured-img":"","footer-sml-layout":"","theme-transparent-header-meta":"default","adv-header-id-meta":"","stick-header-meta":"","header-above-stick-meta":"","header-main-stick-meta":"","header-below-stick-meta":"","astra-migrate-meta-layouts":"set","ast-page-background-enabled":"default","ast-page-background-meta":{"desktop":{"background-color":"","background-image":"","background-repeat":"repeat","background-position":"center center","background-size":"auto","background-attachment":"scroll","background-type":"","background-media":"","overlay-type":"","overlay-color":"","overlay-opacity":"","overlay-gradient":""},"tablet":{"background-color":"","background-image":"","background-repeat":"repeat","background-position":"center center","background-size":"auto","background-attachment":"scroll","background-type":"","background-media":"","overlay-type":"","overlay-color":"","overlay-opacity":"","overlay-gradient":""},"mobile":{"background-color":"","background-image":"","background-repeat":"repeat","background-position":"center center","background-size":"auto","background-attachment":"scroll","background-type":"","background-media":"","overlay-type":"","overlay-color":"","overlay-opacity":"","overlay-gradient":""}},"ast-content-background-meta":{"desktop":{"background-color":"var(--ast-global-color-5)","background-image":"","background-repeat":"repeat","background-position":"center center","background-size":"auto","background-attachment":"scroll","background-type":"","background-media":"","overlay-type":"","overlay-color":"","overlay-opacity":"","overlay-gradient":""},"tablet":{"background-color":"var(--ast-global-color-5)","background-image":"","background-repeat":"repeat","background-position":"center center","background-size":"auto","background-attachment":"scroll","background-type":"","background-media":"","overlay-type":"","overlay-color":"","overlay-opacity":"","overlay-gradient":""},"mobile":{"background-color":"var(--ast-global-color-5)","background-image":"","background-repeat":"repeat","background-position":"center center","background-size":"auto","background-attachment":"scroll","background-type":"","background-media":"","overlay-type":"","overlay-color":"","overlay-opacity":"","overlay-gradient":""}}},"product_cat":[168],"product_tag":[],"class_list":{"0":"post-96359","1":"product","2":"type-product","3":"status-publish","4":"has-post-thumbnail","6":"product_cat-poradenstvo","7":"tm-has-options","8":"desktop-align-left","9":"tablet-align-left","10":"mobile-align-left","12":"first","13":"instock","14":"virtual","15":"sold-individually","16":"taxable","17":"purchasable","18":"product-type-simple"},"acf":[],"_links":{"self":[{"href":"https:\/\/macingova.com\/cs\/wp-json\/wp\/v2\/product\/96359"}],"collection":[{"href":"https:\/\/macingova.com\/cs\/wp-json\/wp\/v2\/product"}],"about":[{"href":"https:\/\/macingova.com\/cs\/wp-json\/wp\/v2\/types\/product"}],"replies":[{"embeddable":true,"href":"https:\/\/macingova.com\/cs\/wp-json\/wp\/v2\/comments?post=96359"}],"wp:featuredmedia":[{"embeddable":true,"href":"https:\/\/macingova.com\/cs\/wp-json\/wp\/v2\/media\/146798"}],"wp:attachment":[{"href":"https:\/\/macingova.com\/cs\/wp-json\/wp\/v2\/media?parent=96359"}],"wp:term":[{"taxonomy":"product_cat","embeddable":true,"href":"https:\/\/macingova.com\/cs\/wp-json\/wp\/v2\/product_cat?post=96359"},{"taxonomy":"product_tag","embeddable":true,"href":"https:\/\/macingova.com\/cs\/wp-json\/wp\/v2\/product_tag?post=96359"}],"curies":[{"name":"wp","href":"https:\/\/api.w.org\/{rel}","templated":true}]}}