{"id":23269,"date":"2018-09-19T22:31:39","date_gmt":"2018-09-19T20:31:39","guid":{"rendered":"https:\/\/macingova.com\/produkt\/import-placeholder-for-15164\/"},"modified":"2025-01-14T11:03:58","modified_gmt":"2025-01-14T10:03:58","slug":"najedzte-sa-do-stihlosti-3-sk","status":"publish","type":"product","link":"https:\/\/macingova.com\/cs\/produkt\/najedzte-sa-do-stihlosti-3-sk\/","title":{"rendered":"Najedzte sa do \u0161t\u00edhlosti 3 (sk)"},"content":{"rendered":"<p><em>\u201ePresta\u0148me di\u00e9tova\u0165 \u2013 nau\u010dme sa jes\u0165\u201c<\/em><\/p>\n<p>U\u017e s\u00e1m podtitul knihy nav\u00e1dza na jeho obsah. Autorka zd\u00f4raz\u0148uje, \u017ee v\u0161etci sme v\u00fdsledkom vlastn\u00fdch volieb, rozhodnut\u00ed, vzorcov spr\u00e1vania a vn\u00edmania na\u0161ich mo\u017enost\u00ed. To, ako moment\u00e1lne vyzer\u00e1te, ako sa c\u00edtite a ako \u017eijete, zodpoved\u00e1 tomu, ako ste sa rozhodovali a \u010do ste doposia\u013e volili. Ak dok\u00e1\u017eete prija\u0165 zodpovednos\u0165 za tento stav, ak si za\u010dnete vedome vybera\u0165 \u010dist\u00e9, \u010do mo\u017eno najmenej priemyselne spracovan\u00e9 potraviny a op\u00e4tovne sa vr\u00e1tite k zdrav\u00e9mu mysleniu na\u0161ich star\u00fdch rodi\u010dov, je e\u0161te n\u00e1dej na zlep\u0161enie teraj\u0161ieho stavu. My\u0161lienka knihy nab\u00e1da k tomu, aby ste si e\u0161te predt\u00fdm, ako sa rozhodnete vybra\u0165 na cestu za kvalitnej\u0161\u00edm \u017eivotom, bezodkladne a \u00faprimne odpovedali na nasleduj\u00face ot\u00e1zky\u2026<\/p>\n","protected":false},"excerpt":{"rendered":"<p><em>\u201ePresta\u0148me di\u00e9tova\u0165 \u2013 nau\u010dme sa jes\u0165\u201c<\/em><\/p>\n<p>U\u017e s\u00e1m podtitul knihy nav\u00e1dza na jeho obsah. Autorka zd\u00f4raz\u0148uje, \u017ee v\u0161etci sme v\u00fdsledkom vlastn\u00fdch volieb, rozhodnut\u00ed, vzorcov spr\u00e1vania a vn\u00edmania na\u0161ich mo\u017enost\u00ed. To, ako moment\u00e1lne vyzer\u00e1te, ako sa c\u00edtite a ako \u017eijete, zodpoved\u00e1 tomu, ako ste sa rozhodovali a \u010do ste doposia\u013e volili. Ak dok\u00e1\u017eete prija\u0165 zodpovednos\u0165 za tento stav, ak si za\u010dnete vedome vybera\u0165 \u010dist\u00e9, \u010do mo\u017eno najmenej priemyselne spracovan\u00e9 potraviny a op\u00e4tovne sa vr\u00e1tite k zdrav\u00e9mu mysleniu na\u0161ich star\u00fdch rodi\u010dov, je e\u0161te n\u00e1dej na zlep\u0161enie teraj\u0161ieho stavu. My\u0161lienka knihy nab\u00e1da k tomu, aby ste si e\u0161te predt\u00fdm, ako sa rozhodnete vybra\u0165 na cestu za kvalitnej\u0161\u00edm \u017eivotom, bezodkladne a \u00faprimne odpovedali na nasleduj\u00face ot\u00e1zky\u2026<\/p>\n","protected":false},"featured_media":23279,"comment_status":"open","ping_status":"closed","template":"","meta":{"rank_math_lock_modified_date":false,"_mi_skip_tracking":false,"_monsterinsights_sitenote_active":false,"_monsterinsights_sitenote_note":"","_monsterinsights_sitenote_category":0,"site-sidebar-layout":"default","site-content-layout":"default","ast-site-content-layout":"default","site-content-style":"default","site-sidebar-style":"default","ast-global-header-display":"","ast-banner-title-visibility":"","ast-main-header-display":"","ast-hfb-above-header-display":"","ast-hfb-below-header-display":"","ast-hfb-mobile-header-display":"","site-post-title":"","ast-breadcrumbs-content":"","ast-featured-img":"","footer-sml-layout":"","theme-transparent-header-meta":"default","adv-header-id-meta":"","stick-header-meta":"","header-above-stick-meta":"","header-main-stick-meta":"","header-below-stick-meta":"","astra-migrate-meta-layouts":"set","ast-page-background-enabled":"default","ast-page-background-meta":{"desktop":{"background-color":"","background-image":"","background-repeat":"repeat","background-position":"center center","background-size":"auto","background-attachment":"scroll","background-type":"","background-media":"","overlay-type":"","overlay-color":"","overlay-opacity":"","overlay-gradient":""},"tablet":{"background-color":"","background-image":"","background-repeat":"repeat","background-position":"center center","background-size":"auto","background-attachment":"scroll","background-type":"","background-media":"","overlay-type":"","overlay-color":"","overlay-opacity":"","overlay-gradient":""},"mobile":{"background-color":"","background-image":"","background-repeat":"repeat","background-position":"center center","background-size":"auto","background-attachment":"scroll","background-type":"","background-media":"","overlay-type":"","overlay-color":"","overlay-opacity":"","overlay-gradient":""}},"ast-content-background-meta":{"desktop":{"background-color":"var(--ast-global-color-5)","background-image":"","background-repeat":"repeat","background-position":"center center","background-size":"auto","background-attachment":"scroll","background-type":"","background-media":"","overlay-type":"","overlay-color":"","overlay-opacity":"","overlay-gradient":""},"tablet":{"background-color":"var(--ast-global-color-5)","background-image":"","background-repeat":"repeat","background-position":"center center","background-size":"auto","background-attachment":"scroll","background-type":"","background-media":"","overlay-type":"","overlay-color":"","overlay-opacity":"","overlay-gradient":""},"mobile":{"background-color":"var(--ast-global-color-5)","background-image":"","background-repeat":"repeat","background-position":"center center","background-size":"auto","background-attachment":"scroll","background-type":"","background-media":"","overlay-type":"","overlay-color":"","overlay-opacity":"","overlay-gradient":""}}},"product_cat":[21],"product_tag":[],"class_list":{"0":"post-23269","1":"product","2":"type-product","3":"status-publish","4":"has-post-thumbnail","6":"product_cat-e-kniha","7":"tm-has-options","8":"desktop-align-left","9":"tablet-align-left","10":"mobile-align-left","12":"first","13":"instock","14":"featured","15":"downloadable","16":"virtual","17":"sold-individually","18":"taxable","19":"purchasable","20":"product-type-simple"},"acf":[],"_links":{"self":[{"href":"https:\/\/macingova.com\/cs\/wp-json\/wp\/v2\/product\/23269"}],"collection":[{"href":"https:\/\/macingova.com\/cs\/wp-json\/wp\/v2\/product"}],"about":[{"href":"https:\/\/macingova.com\/cs\/wp-json\/wp\/v2\/types\/product"}],"replies":[{"embeddable":true,"href":"https:\/\/macingova.com\/cs\/wp-json\/wp\/v2\/comments?post=23269"}],"wp:featuredmedia":[{"embeddable":true,"href":"https:\/\/macingova.com\/cs\/wp-json\/wp\/v2\/media\/23279"}],"wp:attachment":[{"href":"https:\/\/macingova.com\/cs\/wp-json\/wp\/v2\/media?parent=23269"}],"wp:term":[{"taxonomy":"product_cat","embeddable":true,"href":"https:\/\/macingova.com\/cs\/wp-json\/wp\/v2\/product_cat?post=23269"},{"taxonomy":"product_tag","embeddable":true,"href":"https:\/\/macingova.com\/cs\/wp-json\/wp\/v2\/product_tag?post=23269"}],"curies":[{"name":"wp","href":"https:\/\/api.w.org\/{rel}","templated":true}]}}