{"id":23268,"date":"2018-09-19T22:31:39","date_gmt":"2018-09-19T20:31:39","guid":{"rendered":"https:\/\/macingova.com\/produkt\/import-placeholder-for-15156\/"},"modified":"2025-01-14T10:53:48","modified_gmt":"2025-01-14T09:53:48","slug":"najedzte-sa-do-stihlosti-2-sk","status":"publish","type":"product","link":"https:\/\/macingova.com\/cs\/produkt\/najedzte-sa-do-stihlosti-2-sk\/","title":{"rendered":"Najedzte sa do \u0161t\u00edhlosti 2 (sk)"},"content":{"rendered":"<p><em>\u201eJasno v hlave = poriadok na tanieri = Zdravie, vitalita, kr\u00e1sa a spokojnos\u0165\u201c<\/em><\/p>\n<p>Druh\u00fd diel plynulo nadv\u00e4zuje na predch\u00e1dzaj\u00facu knihu Najedzte sa do \u0161t\u00edhlosti 1. Na z\u00e1klade sp\u00e4tnej v\u00e4zby od \u010ditate\u013eov autorka vysvet\u013euje jednoduch\u00fd princ\u00edp prechodu od be\u017en\u00e9ho stravovania k jedlu, ktor\u00e9 je spr\u00e1vne a prospe\u0161n\u00e9 pre zv\u00fd\u0161enie kvality \u017eivota. Do\u010d\u00edtate sa, ako m\u00f4\u017eete do \u010fal\u0161\u00edch chutn\u00fdch receptov zakomponova\u0165 vhodn\u00e9 potraviny pre va\u0161u krvn\u00fa skupinu tak, aby pokrmy podporili ozdravn\u00fd a zo\u0161t\u00edh\u013euj\u00faci proces. Kniha rad\u00ed \u010ditate\u013eom, aby sa oslobodili od m\u00e9di\u00ed a rekl\u00e1m, prestali by\u0165 z\u00e1visl\u00fd od produktov, ktor\u00e9 s\u013eubuj\u00fa r\u00fdchly a trval\u00fd \u00fa\u010dinok. Nikdy to tak nie je. V opa\u010dnom pr\u00edpade by Amerika nebola krajinou s najvy\u0161\u0161\u00edm v\u00fdskytom obezity.<\/p>\n","protected":false},"excerpt":{"rendered":"<p><em>\u201eJasno v hlave = poriadok na tanieri = Zdravie, vitalita, kr\u00e1sa a spokojnos\u0165\u201c<\/em><\/p>\n<p>Druh\u00fd diel plynulo nadv\u00e4zuje na predch\u00e1dzaj\u00facu knihu Najedzte sa do \u0161t\u00edhlosti 1. Na z\u00e1klade sp\u00e4tnej v\u00e4zby od \u010ditate\u013eov autorka vysvet\u013euje jednoduch\u00fd princ\u00edp prechodu od be\u017en\u00e9ho stravovania k jedlu, ktor\u00e9 je spr\u00e1vne a prospe\u0161n\u00e9 pre zv\u00fd\u0161enie kvality \u017eivota. Do\u010d\u00edtate sa, ako m\u00f4\u017eete do \u010fal\u0161\u00edch chutn\u00fdch receptov zakomponova\u0165 vhodn\u00e9 potraviny pre va\u0161u krvn\u00fa skupinu tak, aby pokrmy podporili ozdravn\u00fd a zo\u0161t\u00edh\u013euj\u00faci proces. Kniha rad\u00ed \u010ditate\u013eom, aby sa oslobodili od m\u00e9di\u00ed a rekl\u00e1m, prestali by\u0165 z\u00e1visl\u00fd od produktov, ktor\u00e9 s\u013eubuj\u00fa r\u00fdchly a trval\u00fd \u00fa\u010dinok. Nikdy to tak nie je. V opa\u010dnom pr\u00edpade by Amerika nebola krajinou s najvy\u0161\u0161\u00edm v\u00fdskytom obezity.<\/p>\n","protected":false},"featured_media":23278,"comment_status":"open","ping_status":"closed","template":"","meta":{"rank_math_lock_modified_date":false,"_mi_skip_tracking":false,"_monsterinsights_sitenote_active":false,"_monsterinsights_sitenote_note":"","_monsterinsights_sitenote_category":0,"site-sidebar-layout":"default","site-content-layout":"default","ast-site-content-layout":"default","site-content-style":"default","site-sidebar-style":"default","ast-global-header-display":"","ast-banner-title-visibility":"","ast-main-header-display":"","ast-hfb-above-header-display":"","ast-hfb-below-header-display":"","ast-hfb-mobile-header-display":"","site-post-title":"","ast-breadcrumbs-content":"","ast-featured-img":"","footer-sml-layout":"","theme-transparent-header-meta":"default","adv-header-id-meta":"","stick-header-meta":"","header-above-stick-meta":"","header-main-stick-meta":"","header-below-stick-meta":"","astra-migrate-meta-layouts":"set","ast-page-background-enabled":"default","ast-page-background-meta":{"desktop":{"background-color":"","background-image":"","background-repeat":"repeat","background-position":"center center","background-size":"auto","background-attachment":"scroll","background-type":"","background-media":"","overlay-type":"","overlay-color":"","overlay-opacity":"","overlay-gradient":""},"tablet":{"background-color":"","background-image":"","background-repeat":"repeat","background-position":"center center","background-size":"auto","background-attachment":"scroll","background-type":"","background-media":"","overlay-type":"","overlay-color":"","overlay-opacity":"","overlay-gradient":""},"mobile":{"background-color":"","background-image":"","background-repeat":"repeat","background-position":"center center","background-size":"auto","background-attachment":"scroll","background-type":"","background-media":"","overlay-type":"","overlay-color":"","overlay-opacity":"","overlay-gradient":""}},"ast-content-background-meta":{"desktop":{"background-color":"var(--ast-global-color-5)","background-image":"","background-repeat":"repeat","background-position":"center center","background-size":"auto","background-attachment":"scroll","background-type":"","background-media":"","overlay-type":"","overlay-color":"","overlay-opacity":"","overlay-gradient":""},"tablet":{"background-color":"var(--ast-global-color-5)","background-image":"","background-repeat":"repeat","background-position":"center center","background-size":"auto","background-attachment":"scroll","background-type":"","background-media":"","overlay-type":"","overlay-color":"","overlay-opacity":"","overlay-gradient":""},"mobile":{"background-color":"var(--ast-global-color-5)","background-image":"","background-repeat":"repeat","background-position":"center center","background-size":"auto","background-attachment":"scroll","background-type":"","background-media":"","overlay-type":"","overlay-color":"","overlay-opacity":"","overlay-gradient":""}}},"product_cat":[21],"product_tag":[],"class_list":{"0":"post-23268","1":"product","2":"type-product","3":"status-publish","4":"has-post-thumbnail","6":"product_cat-e-kniha","7":"tm-has-options","8":"desktop-align-left","9":"tablet-align-left","10":"mobile-align-left","12":"first","13":"instock","14":"featured","15":"downloadable","16":"virtual","17":"sold-individually","18":"taxable","19":"purchasable","20":"product-type-simple"},"acf":[],"_links":{"self":[{"href":"https:\/\/macingova.com\/cs\/wp-json\/wp\/v2\/product\/23268"}],"collection":[{"href":"https:\/\/macingova.com\/cs\/wp-json\/wp\/v2\/product"}],"about":[{"href":"https:\/\/macingova.com\/cs\/wp-json\/wp\/v2\/types\/product"}],"replies":[{"embeddable":true,"href":"https:\/\/macingova.com\/cs\/wp-json\/wp\/v2\/comments?post=23268"}],"wp:featuredmedia":[{"embeddable":true,"href":"https:\/\/macingova.com\/cs\/wp-json\/wp\/v2\/media\/23278"}],"wp:attachment":[{"href":"https:\/\/macingova.com\/cs\/wp-json\/wp\/v2\/media?parent=23268"}],"wp:term":[{"taxonomy":"product_cat","embeddable":true,"href":"https:\/\/macingova.com\/cs\/wp-json\/wp\/v2\/product_cat?post=23268"},{"taxonomy":"product_tag","embeddable":true,"href":"https:\/\/macingova.com\/cs\/wp-json\/wp\/v2\/product_tag?post=23268"}],"curies":[{"name":"wp","href":"https:\/\/api.w.org\/{rel}","templated":true}]}}