{"id":144576,"date":"2024-02-01T11:16:58","date_gmt":"2024-02-01T10:16:58","guid":{"rendered":"https:\/\/macingova.com\/?post_type=product&#038;p=144576"},"modified":"2025-01-14T10:40:33","modified_gmt":"2025-01-14T09:40:33","slug":"ucast-v-programe-poriadok-na-tanieri-poriadok-v-tele-na-facebooku","status":"publish","type":"product","link":"https:\/\/macingova.com\/cs\/produkt\/ucast-v-programe-poriadok-na-tanieri-poriadok-v-tele-na-facebooku\/","title":{"rendered":"\u00da\u010das\u0165 v programe &#8220;Poriadok na tanieri = poriadok v tele&#8221; na Facebooku"},"content":{"rendered":"<p>Mil\u00e9 fan\u00fa\u0161i\u010dky zdrav\u00e9ho \u017eivotn\u00e9ho \u0161t\u00fdlu, moja uzavret\u00e1 skupina je pre ka\u017ed\u00fa z v\u00e1s, ktor\u00e1 m\u00e1 z\u00e1ujem o bli\u017e\u0161\u00ed kontakt so mnou!<br \/>\n\u2753\u010cO TO PRE V\u00c1S ZNAMEN\u00c1<br \/>\nN\u00e1jdete tu platen\u00e9 tipy a t\u00e9my odo m\u0148a, ku ktor\u00fdm sa m\u00f4\u017eete kedyko\u013evek vr\u00e1ti\u0165 a jednoducho si ich vyh\u013eada\u0165.<br \/>\n\u2753\u010cO TU N\u00c1JDETE<br \/>\n\ud83c\udf31Ka\u017ed\u00fd mesiac bude ma\u0165 svoju t\u00e9mu\/t\u00e9my. Budem sa venova\u0165 najm\u00e4 tr\u00e1viacemu traktu a n\u00e1prave jeho \u010dinnosti, preto\u017ee na\u0161e zdravie a n\u00e1\u0161 vzh\u013ead za\u010d\u00edna pr\u00e1ve v \u0148om.<br \/>\n\ud83c\udf31Ku ka\u017edej t\u00e9me \u010di videu mi budete m\u00f4c\u0165 po\u010das v\u00edkendu zasla\u0165 va\u0161e ot\u00e1zky a ja na ne za\u010diatkom t\u00fd\u017ed\u0148a prid\u00e1m odpovede. OT\u00c1ZKY ZASIELAJTE NA <a href=\"mailto:lahkechudnutie@gmail.com\">lahkechudnutie@gmail.com<\/a><br \/>\n\ud83c\udf31\u010co ak v\u00e1m vyvstan\u00fa ot\u00e1zky k u\u017e prebrat\u00fdm t\u00e9mam? \u017diadne strachy, m\u00f4\u017eete mi ich tie\u017e zasla\u0165 cez v\u00edkend a ja ich zodpoviem.<br \/>\n\ud83c\udf31Publikova\u0165 pr\u00edspevky budem IBA JA, aby bola skupina preh\u013eadn\u00e1 a vedeli ste sa lep\u0161ie orientova\u0165.<br \/>\n\ud83c\udf31Ka\u017ed\u00fd t\u00fd\u017ede\u0148 prid\u00e1m nov\u00fd recept, ktor\u00fd budete m\u00f4c\u0165 pon\u00faknu\u0165 aj \u010dlenom va\u0161ej rodiny. V\u017edy priprav\u00edm aj verziu pre t\u00fdch, ktor\u00ed nekonzumuj\u00fa m\u00e4so alebo ktor\u00ed preferuj\u00fa \u017eivo\u010d\u00ed\u0161ne bielkoviny. Preto bude dobr\u00e9, ak budete pracova\u0165 s DI\u00c1ROM OSOBNEJ PREMENY. Tieto nov\u00e9 recepty si budete m\u00f4c\u0165 zapisova\u0165 do pozn\u00e1mok a zakomponova\u0165 do pr\u00e1zdnych koloniek v Di\u00e1ri pri zostavovan\u00ed jed\u00e1lni\u010dkov jednotliv\u00fdch mesiacov.<br \/>\nMoje rady a odpor\u00fa\u010dania nenahr\u00e1dzaj\u00fa lek\u00e1rske o\u0161etrenie, v\u0161etko je na Va\u0161om osobnom rozhodnut\u00ed a iba o poradenstve.<\/p>\n","protected":false},"excerpt":{"rendered":"<p>Mil\u00e9 fan\u00fa\u0161i\u010dky zdrav\u00e9ho \u017eivotn\u00e9ho \u0161t\u00fdlu, moja uzavret\u00e1 skupina je pre ka\u017ed\u00fa z v\u00e1s, ktor\u00e1 m\u00e1 z\u00e1ujem o bli\u017e\u0161\u00ed kontakt so mnou! \u2753\u010cO TO PRE V\u00c1S ZNAMEN\u00c1 N\u00e1jdete tu platen\u00e9 tipy a t\u00e9my odo m\u0148a, ku ktor\u00fdm sa m\u00f4\u017eete kedyko\u013evek vr\u00e1ti\u0165 a jednoducho si ich vyh\u013eada\u0165. \u2753\u010cO TU N\u00c1JDETE \ud83c\udf31Ka\u017ed\u00fd mesiac bude ma\u0165 svoju t\u00e9mu\/t\u00e9my. Budem [&hellip;]<\/p>\n","protected":false},"featured_media":145940,"comment_status":"open","ping_status":"closed","template":"","meta":{"rank_math_lock_modified_date":false,"_mi_skip_tracking":false,"_monsterinsights_sitenote_active":false,"_monsterinsights_sitenote_note":"","_monsterinsights_sitenote_category":0,"site-sidebar-layout":"default","site-content-layout":"default","ast-site-content-layout":"default","site-content-style":"default","site-sidebar-style":"default","ast-global-header-display":"","ast-banner-title-visibility":"","ast-main-header-display":"","ast-hfb-above-header-display":"","ast-hfb-below-header-display":"","ast-hfb-mobile-header-display":"","site-post-title":"","ast-breadcrumbs-content":"","ast-featured-img":"","footer-sml-layout":"","theme-transparent-header-meta":"default","adv-header-id-meta":"","stick-header-meta":"","header-above-stick-meta":"","header-main-stick-meta":"","header-below-stick-meta":"","astra-migrate-meta-layouts":"set","ast-page-background-enabled":"default","ast-page-background-meta":{"desktop":{"background-color":"","background-image":"","background-repeat":"repeat","background-position":"center center","background-size":"auto","background-attachment":"scroll","background-type":"","background-media":"","overlay-type":"","overlay-color":"","overlay-opacity":"","overlay-gradient":""},"tablet":{"background-color":"","background-image":"","background-repeat":"repeat","background-position":"center center","background-size":"auto","background-attachment":"scroll","background-type":"","background-media":"","overlay-type":"","overlay-color":"","overlay-opacity":"","overlay-gradient":""},"mobile":{"background-color":"","background-image":"","background-repeat":"repeat","background-position":"center center","background-size":"auto","background-attachment":"scroll","background-type":"","background-media":"","overlay-type":"","overlay-color":"","overlay-opacity":"","overlay-gradient":""}},"ast-content-background-meta":{"desktop":{"background-color":"var(--ast-global-color-5)","background-image":"","background-repeat":"repeat","background-position":"center center","background-size":"auto","background-attachment":"scroll","background-type":"","background-media":"","overlay-type":"","overlay-color":"","overlay-opacity":"","overlay-gradient":""},"tablet":{"background-color":"var(--ast-global-color-5)","background-image":"","background-repeat":"repeat","background-position":"center center","background-size":"auto","background-attachment":"scroll","background-type":"","background-media":"","overlay-type":"","overlay-color":"","overlay-opacity":"","overlay-gradient":""},"mobile":{"background-color":"var(--ast-global-color-5)","background-image":"","background-repeat":"repeat","background-position":"center center","background-size":"auto","background-attachment":"scroll","background-type":"","background-media":"","overlay-type":"","overlay-color":"","overlay-opacity":"","overlay-gradient":""}}},"product_cat":[254],"product_tag":[],"class_list":{"0":"post-144576","1":"product","2":"type-product","3":"status-publish","4":"has-post-thumbnail","6":"product_cat-program","7":"tm-has-options","8":"desktop-align-left","9":"tablet-align-left","10":"mobile-align-left","12":"first","13":"outofstock","14":"virtual","15":"sold-individually","16":"taxable","17":"purchasable","18":"product-type-simple"},"acf":[],"_links":{"self":[{"href":"https:\/\/macingova.com\/cs\/wp-json\/wp\/v2\/product\/144576"}],"collection":[{"href":"https:\/\/macingova.com\/cs\/wp-json\/wp\/v2\/product"}],"about":[{"href":"https:\/\/macingova.com\/cs\/wp-json\/wp\/v2\/types\/product"}],"replies":[{"embeddable":true,"href":"https:\/\/macingova.com\/cs\/wp-json\/wp\/v2\/comments?post=144576"}],"wp:featuredmedia":[{"embeddable":true,"href":"https:\/\/macingova.com\/cs\/wp-json\/wp\/v2\/media\/145940"}],"wp:attachment":[{"href":"https:\/\/macingova.com\/cs\/wp-json\/wp\/v2\/media?parent=144576"}],"wp:term":[{"taxonomy":"product_cat","embeddable":true,"href":"https:\/\/macingova.com\/cs\/wp-json\/wp\/v2\/product_cat?post=144576"},{"taxonomy":"product_tag","embeddable":true,"href":"https:\/\/macingova.com\/cs\/wp-json\/wp\/v2\/product_tag?post=144576"}],"curies":[{"name":"wp","href":"https:\/\/api.w.org\/{rel}","templated":true}]}}