{"id":143506,"date":"2023-12-06T13:10:36","date_gmt":"2023-12-06T12:10:36","guid":{"rendered":"https:\/\/macingova.com\/?post_type=product&#038;p=143506"},"modified":"2025-10-21T09:56:15","modified_gmt":"2025-10-21T07:56:15","slug":"spestrite-si-vianoce","status":"publish","type":"product","link":"https:\/\/macingova.com\/cs\/produkt\/spestrite-si-vianoce\/","title":{"rendered":"E-KNIHA: Spestrite si Vianoce"},"content":{"rendered":"<p>Mo\u017eno sa v\u00e1m u\u017e zunovali st\u00e1le tie ist\u00e9, klasick\u00e9 viano\u010dn\u00e9 recepty. Pon\u00fakam v\u00e1m kol\u00e1\u010de, ktor\u00e9 som po\u010das svojho doteraj\u0161ieho \u017eivota ochutnala v jednotliv\u00fdch krajin\u00e1ch. Tieto recepty, ktor\u00e9 nie s\u00fa v\u00f4bec n\u00e1ro\u010dn\u00e9 na v\u00fdrobu, m\u00f4\u017eu pripravi\u0165 v\u0161etky tri gener\u00e1cie. Babi\u010dky, mamy s dc\u00e9rami, sk\u00faste si ich spolo\u010dne upiec\u0165 a ochutna\u0165 tak cudzokrajn\u00fa viano\u010dn\u00fa \u010di novoro\u010dn\u00fa atmosf\u00e9ru.<\/p>\n","protected":false},"excerpt":{"rendered":"<p>Mo\u017eno sa v\u00e1m u\u017e zunovali st\u00e1le tie ist\u00e9, klasick\u00e9 viano\u010dn\u00e9 recepty. Pon\u00fakam v\u00e1m kol\u00e1\u010de, ktor\u00e9 som po\u010das svojho doteraj\u0161ieho \u017eivota ochutnala v jednotliv\u00fdch krajin\u00e1ch. Tieto recepty, ktor\u00e9 nie s\u00fa v\u00f4bec n\u00e1ro\u010dn\u00e9 na v\u00fdrobu, m\u00f4\u017eu pripravi\u0165 v\u0161etky tri gener\u00e1cie. Babi\u010dky, mamy s dc\u00e9rami, sk\u00faste si ich spolo\u010dne upiec\u0165 a ochutna\u0165 tak cudzokrajn\u00fa viano\u010dn\u00fa \u010di novoro\u010dn\u00fa atmosf\u00e9ru.<\/p>\n","protected":false},"featured_media":143510,"comment_status":"open","ping_status":"closed","template":"","meta":{"rank_math_lock_modified_date":false,"_mi_skip_tracking":false,"_monsterinsights_sitenote_active":false,"_monsterinsights_sitenote_note":"","_monsterinsights_sitenote_category":0,"site-sidebar-layout":"default","site-content-layout":"default","ast-site-content-layout":"default","site-content-style":"default","site-sidebar-style":"default","ast-global-header-display":"","ast-banner-title-visibility":"","ast-main-header-display":"","ast-hfb-above-header-display":"","ast-hfb-below-header-display":"","ast-hfb-mobile-header-display":"","site-post-title":"","ast-breadcrumbs-content":"","ast-featured-img":"","footer-sml-layout":"","theme-transparent-header-meta":"default","adv-header-id-meta":"","stick-header-meta":"","header-above-stick-meta":"","header-main-stick-meta":"","header-below-stick-meta":"","astra-migrate-meta-layouts":"set","ast-page-background-enabled":"default","ast-page-background-meta":{"desktop":{"background-color":"","background-image":"","background-repeat":"repeat","background-position":"center center","background-size":"auto","background-attachment":"scroll","background-type":"","background-media":"","overlay-type":"","overlay-color":"","overlay-opacity":"","overlay-gradient":""},"tablet":{"background-color":"","background-image":"","background-repeat":"repeat","background-position":"center center","background-size":"auto","background-attachment":"scroll","background-type":"","background-media":"","overlay-type":"","overlay-color":"","overlay-opacity":"","overlay-gradient":""},"mobile":{"background-color":"","background-image":"","background-repeat":"repeat","background-position":"center center","background-size":"auto","background-attachment":"scroll","background-type":"","background-media":"","overlay-type":"","overlay-color":"","overlay-opacity":"","overlay-gradient":""}},"ast-content-background-meta":{"desktop":{"background-color":"var(--ast-global-color-5)","background-image":"","background-repeat":"repeat","background-position":"center center","background-size":"auto","background-attachment":"scroll","background-type":"","background-media":"","overlay-type":"","overlay-color":"","overlay-opacity":"","overlay-gradient":""},"tablet":{"background-color":"var(--ast-global-color-5)","background-image":"","background-repeat":"repeat","background-position":"center center","background-size":"auto","background-attachment":"scroll","background-type":"","background-media":"","overlay-type":"","overlay-color":"","overlay-opacity":"","overlay-gradient":""},"mobile":{"background-color":"var(--ast-global-color-5)","background-image":"","background-repeat":"repeat","background-position":"center center","background-size":"auto","background-attachment":"scroll","background-type":"","background-media":"","overlay-type":"","overlay-color":"","overlay-opacity":"","overlay-gradient":""}}},"product_cat":[21],"product_tag":[],"class_list":{"0":"post-143506","1":"product","2":"type-product","3":"status-publish","4":"has-post-thumbnail","6":"product_cat-e-kniha","7":"tm-has-options","8":"desktop-align-left","9":"tablet-align-left","10":"mobile-align-left","12":"first","13":"instock","14":"downloadable","15":"virtual","16":"sold-individually","17":"taxable","18":"purchasable","19":"product-type-simple"},"acf":[],"_links":{"self":[{"href":"https:\/\/macingova.com\/cs\/wp-json\/wp\/v2\/product\/143506"}],"collection":[{"href":"https:\/\/macingova.com\/cs\/wp-json\/wp\/v2\/product"}],"about":[{"href":"https:\/\/macingova.com\/cs\/wp-json\/wp\/v2\/types\/product"}],"replies":[{"embeddable":true,"href":"https:\/\/macingova.com\/cs\/wp-json\/wp\/v2\/comments?post=143506"}],"wp:featuredmedia":[{"embeddable":true,"href":"https:\/\/macingova.com\/cs\/wp-json\/wp\/v2\/media\/143510"}],"wp:attachment":[{"href":"https:\/\/macingova.com\/cs\/wp-json\/wp\/v2\/media?parent=143506"}],"wp:term":[{"taxonomy":"product_cat","embeddable":true,"href":"https:\/\/macingova.com\/cs\/wp-json\/wp\/v2\/product_cat?post=143506"},{"taxonomy":"product_tag","embeddable":true,"href":"https:\/\/macingova.com\/cs\/wp-json\/wp\/v2\/product_tag?post=143506"}],"curies":[{"name":"wp","href":"https:\/\/api.w.org\/{rel}","templated":true}]}}