{"id":143165,"date":"2023-10-30T13:11:15","date_gmt":"2023-10-30T12:11:15","guid":{"rendered":"https:\/\/macingova.com\/?post_type=product&#038;p=143165"},"modified":"2025-10-21T09:56:16","modified_gmt":"2025-10-21T07:56:16","slug":"spestrite-si-28-cku","status":"publish","type":"product","link":"https:\/\/macingova.com\/cs\/produkt\/spestrite-si-28-cku\/","title":{"rendered":"E-KNIHA: Spestrite si 28-\u010dku"},"content":{"rendered":"<p>Dali ste sa na 28-\u010dku a chcete si spestri\u0165 jed\u00e1lni\u010dek? V tomto e-booku n\u00e1jdete 17 chutn\u00fdch receptov, ktor\u00fdmi si m\u00f4\u017eete nahradi\u0165 ra\u0148ajky, obedy aj ve\u010dere z m\u00f4jho 28-d\u0148ov\u00e9ho stravovacieho programu tak, aby sa v\u00e1m jednotliv\u00e9 chody nezunovali. Dobr\u00fa chu\u0165!<\/p>\n","protected":false},"excerpt":{"rendered":"<p>Dali ste sa na 28-\u010dku a chcete si spestri\u0165 jed\u00e1lni\u010dek? V tomto e-booku n\u00e1jdete 16 chutn\u00fdch receptov, ktor\u00fdmi si m\u00f4\u017eete nahradi\u0165 ra\u0148ajky, obedy aj ve\u010dere z m\u00f4jho 28-d\u0148ov\u00e9ho stravovacieho programu tak, aby sa v\u00e1m jednotliv\u00e9 chody nezunovali. Dobr\u00fa chu\u0165!<\/p>\n","protected":false},"featured_media":143166,"comment_status":"open","ping_status":"closed","template":"","meta":{"rank_math_lock_modified_date":false,"_mi_skip_tracking":false,"_monsterinsights_sitenote_active":false,"_monsterinsights_sitenote_note":"","_monsterinsights_sitenote_category":0,"site-sidebar-layout":"default","site-content-layout":"default","ast-site-content-layout":"default","site-content-style":"default","site-sidebar-style":"default","ast-global-header-display":"","ast-banner-title-visibility":"","ast-main-header-display":"","ast-hfb-above-header-display":"","ast-hfb-below-header-display":"","ast-hfb-mobile-header-display":"","site-post-title":"","ast-breadcrumbs-content":"","ast-featured-img":"","footer-sml-layout":"","theme-transparent-header-meta":"default","adv-header-id-meta":"","stick-header-meta":"","header-above-stick-meta":"","header-main-stick-meta":"","header-below-stick-meta":"","astra-migrate-meta-layouts":"set","ast-page-background-enabled":"default","ast-page-background-meta":{"desktop":{"background-color":"","background-image":"","background-repeat":"repeat","background-position":"center center","background-size":"auto","background-attachment":"scroll","background-type":"","background-media":"","overlay-type":"","overlay-color":"","overlay-opacity":"","overlay-gradient":""},"tablet":{"background-color":"","background-image":"","background-repeat":"repeat","background-position":"center center","background-size":"auto","background-attachment":"scroll","background-type":"","background-media":"","overlay-type":"","overlay-color":"","overlay-opacity":"","overlay-gradient":""},"mobile":{"background-color":"","background-image":"","background-repeat":"repeat","background-position":"center center","background-size":"auto","background-attachment":"scroll","background-type":"","background-media":"","overlay-type":"","overlay-color":"","overlay-opacity":"","overlay-gradient":""}},"ast-content-background-meta":{"desktop":{"background-color":"var(--ast-global-color-5)","background-image":"","background-repeat":"repeat","background-position":"center center","background-size":"auto","background-attachment":"scroll","background-type":"","background-media":"","overlay-type":"","overlay-color":"","overlay-opacity":"","overlay-gradient":""},"tablet":{"background-color":"var(--ast-global-color-5)","background-image":"","background-repeat":"repeat","background-position":"center center","background-size":"auto","background-attachment":"scroll","background-type":"","background-media":"","overlay-type":"","overlay-color":"","overlay-opacity":"","overlay-gradient":""},"mobile":{"background-color":"var(--ast-global-color-5)","background-image":"","background-repeat":"repeat","background-position":"center center","background-size":"auto","background-attachment":"scroll","background-type":"","background-media":"","overlay-type":"","overlay-color":"","overlay-opacity":"","overlay-gradient":""}}},"product_cat":[21],"product_tag":[],"class_list":{"0":"post-143165","1":"product","2":"type-product","3":"status-publish","4":"has-post-thumbnail","6":"product_cat-e-kniha","7":"tm-has-options","8":"desktop-align-left","9":"tablet-align-left","10":"mobile-align-left","12":"first","13":"instock","14":"downloadable","15":"virtual","16":"sold-individually","17":"taxable","18":"purchasable","19":"product-type-simple"},"acf":[],"_links":{"self":[{"href":"https:\/\/macingova.com\/cs\/wp-json\/wp\/v2\/product\/143165"}],"collection":[{"href":"https:\/\/macingova.com\/cs\/wp-json\/wp\/v2\/product"}],"about":[{"href":"https:\/\/macingova.com\/cs\/wp-json\/wp\/v2\/types\/product"}],"replies":[{"embeddable":true,"href":"https:\/\/macingova.com\/cs\/wp-json\/wp\/v2\/comments?post=143165"}],"wp:featuredmedia":[{"embeddable":true,"href":"https:\/\/macingova.com\/cs\/wp-json\/wp\/v2\/media\/143166"}],"wp:attachment":[{"href":"https:\/\/macingova.com\/cs\/wp-json\/wp\/v2\/media?parent=143165"}],"wp:term":[{"taxonomy":"product_cat","embeddable":true,"href":"https:\/\/macingova.com\/cs\/wp-json\/wp\/v2\/product_cat?post=143165"},{"taxonomy":"product_tag","embeddable":true,"href":"https:\/\/macingova.com\/cs\/wp-json\/wp\/v2\/product_tag?post=143165"}],"curies":[{"name":"wp","href":"https:\/\/api.w.org\/{rel}","templated":true}]}}