{"id":72762,"date":"2020-05-14T08:57:10","date_gmt":"2020-05-14T06:57:10","guid":{"rendered":"https:\/\/macingova.com\/rozvoz-stravy\/jedalnicek-28-dnovy-harmonizacny-program\/"},"modified":"2021-10-08T14:59:23","modified_gmt":"2021-10-08T12:59:23","slug":"jedalnicek-28-dnovy-harmonizacny-program","status":"publish","type":"page","link":"https:\/\/macingova.com\/cs\/rozvoz-stravy\/jidelnicky\/jedalnicek-28-dnovy-harmonizacny-program\/","title":{"rendered":"J\u00eddeln\u00ed\u010dek &#8211; 28 denn\u00ed harmoniza\u010dn\u00ed program"},"content":{"rendered":"\t\t<div data-elementor-type=\"wp-page\" data-elementor-id=\"72762\" class=\"elementor elementor-72762 elementor-72730\" data-elementor-post-type=\"page\">\n\t\t\t\t\t\t\t\t\t<section class=\"elementor-section elementor-top-section elementor-element elementor-element-4c71e1e elementor-section-boxed elementor-section-height-default elementor-section-height-default\" data-id=\"4c71e1e\" data-element_type=\"section\">\n\t\t\t\t\t\t<div class=\"elementor-container elementor-column-gap-default\">\n\t\t\t\t\t<div class=\"elementor-column elementor-col-100 elementor-top-column elementor-element elementor-element-1770d4e\" data-id=\"1770d4e\" data-element_type=\"column\">\n\t\t\t<div class=\"elementor-widget-wrap elementor-element-populated\">\n\t\t\t\t\t\t\t\t<div class=\"elementor-element elementor-element-e1f295d elementor-widget elementor-widget-jet-listing-dynamic-repeater\" data-id=\"e1f295d\" data-element_type=\"widget\" data-widget_type=\"jet-listing-dynamic-repeater.default\">\n\t\t\t\t<div class=\"elementor-widget-container\">\n\t\t\t<div class=\"jet-listing jet-listing-dynamic-repeater\"><div class=\"jet-listing-dynamic-repeater__items \"><table>\n<tr>\n<th>De\u0148<\/th>\n<th>Ra\u0148ajky<\/th>\n<th>Desiata<\/th>\n<th>Obed<\/th>\n<th>Olovrant<\/th>\n<th>Ve\u010dera<\/th>\n<\/tr><tr class=\"jet-listing-dynamic-repeater__item\"><td>1..<\/td>\r\n<td>Mrkev, jablko, med, rozinky, vla\u0161sk\u00e9 o\u0159echy<\/td>\r\n<td>Ananas<\/td>\r\n<td>Brokolice s \u010desnekem, strouhan\u00fd s\u00fdr<\/td>\r\n<td>Zeleninov\u00fd sal\u00e1t s mandlemi<\/td>\r\n<td>Sal\u00e1t z \u010derven\u00e9 \u0159epy, strouhan\u00fd s\u00fdr<\/td><\/tr><tr class=\"jet-listing-dynamic-repeater__item\"><td>2..<\/td>\r\n<td>Mrkev, jablko, med, rozinky, vla\u0161sk\u00e9 o\u0159echy<\/td>\r\n<td>Kiwi<\/td>\r\n<td>Fazolov\u00e9 lusky s \u010desnekem, strouhan\u00fd s\u00fdr<\/td>\r\n<td>B\u00edl\u00fd jogurt, med, vla\u0161sk\u00e9 o\u0159echy<\/td>\r\n<td>Sal\u00e1t z \u010derven\u00e9 \u0159epy, va\u0159en\u00e9 vejce<\/td><\/tr><tr class=\"jet-listing-dynamic-repeater__item\"><td>3..<\/td>\r\n<td>Mrkev, jablko, med, rozinky, vla\u0161sk\u00e9 o\u0159echy<\/td>\r\n<td>Ovocn\u00e9 pyr\u00e9<\/td>\r\n<td>Sal\u00e1t z \u010derven\u00e9 \u0159epy, strouhan\u00fd s\u00fdr<\/td>\r\n<td>Zeleninov\u00fd sal\u00e1t s mandlemi<\/td>\r\n<td>Mrkvov\u00fd perkelt, strouhan\u00fd s\u00fdr<\/td><\/tr><tr class=\"jet-listing-dynamic-repeater__item\"><td>4..<\/td>\r\n<td>Mrkev, jablko, med, rozinky, vla\u0161sk\u00e9 o\u0159echy<\/td>\r\n<td>Hru\u0161ka<\/td>\r\n<td>Mrkvov\u00fd perkelt, strouhan\u00fd s\u00fdr<\/td>\r\n<td>Okurkov\u00fd sal\u00e1t s jogurtem<\/td>\r\n<td>Cuketov\u00e9 placky<\/td><\/tr><tr class=\"jet-listing-dynamic-repeater__item\"><td>5..<\/td>\r\n<td>Mrkev, jablko, med, rozinky, vla\u0161sk\u00e9 o\u0159echy<\/td>\r\n<td>Pomelo<\/td>\r\n<td>Fazolov\u00e9 lusky s \u010desnekem, strouhan\u00fd s\u00fdr<\/td>\r\n<td>\u0158edkvi\u010dkov\u00fd sal\u00e1t<\/td>\r\n<td>Cuketov\u00e9 placky<\/td><\/tr><tr class=\"jet-listing-dynamic-repeater__item\"><td>6..<\/td>\r\n<td>Mrkev, jablko, med, rozinky, vla\u0161sk\u00e9 o\u0159echy<\/td>\r\n<td>Jablko<\/td>\r\n<td>Cuketov\u00e9 placky<\/td>\r\n<td>B\u00edl\u00fd jogurt, med, mandle<\/td>\r\n<td>Brokolice s \u010desnekem, va\u0159en\u00e9 vejce<\/td><\/tr><tr class=\"jet-listing-dynamic-repeater__item\"><td>7..<\/td>\r\n<td>Mrkev, jablko, med, rozinky, vla\u0161sk\u00e9 o\u0159echy<\/td>\r\n<td>Meru\u0148ky<\/td>\r\n<td>Sal\u00e1t z \u010derven\u00e9 \u0159epy, va\u0159en\u00e9 vejce<\/td>\r\n<td>B\u00edl\u00fd jogurt<\/td>\r\n<td>Mrkvov\u00fd perkelt, strouhan\u00fd s\u00fdr<\/td><\/tr><tr class=\"jet-listing-dynamic-repeater__item\"><td>8..<\/td>\r\n<td>B\u00edl\u00fd jogurt, med, vla\u0161sk\u00e9 o\u0159echy, sko\u0159ice<\/td>\r\n<td>Datle<\/td>\r\n<td>T\u011bstoviny, kedlubna<\/td>\r\n<td>Slan\u00fd \u0161pen\u00e1tov\u00fd kol\u00e1\u010d<\/td>\r\n<td>Bor\u0161\u010d<\/td><\/tr><tr class=\"jet-listing-dynamic-repeater__item\"><td>9..<\/td>\r\n<td>Kiwi, ban\u00e1n, mandle, med, sko\u0159ice<\/td>\r\n<td>Ananas<\/td>\r\n<td>Brokolice s \u010desnekem, z\u00e1zvor, strouhan\u00fd s\u00fdr<\/td>\r\n<td>B\u00edly jogurt, med, mandle<\/td>\r\n<td>Hr\u00e1\u0161kov\u00fd kr\u00e9m<\/td><\/tr><tr class=\"jet-listing-dynamic-repeater__item\"><td>10..<\/td>\r\n<td>Mrkev, jablko, med, rozinky, vla\u0161sk\u00e9 o\u0159echy<\/td>\r\n<td>Brusinky<\/td>\r\n<td>Mrkvov\u00fd perkelt, strouhan\u00fd s\u00fdr<\/td>\r\n<td>Zeleninov\u00fd sal\u00e1t s mandlemi<\/td>\r\n<td>Sal\u00e1t z \u010derven\u00e9 \u0159epy, va\u0159en\u00e9 vejce<\/td><\/tr><tr class=\"jet-listing-dynamic-repeater__item\"><td>11..<\/td>\r\n<td>Kiwi, ban\u00e1n, mandle, med, sko\u0159ice<\/td>\r\n<td>Jablko<\/td>\r\n<td>Fazolov\u00e9 lusky s \u010desnekem, va\u0159en\u00e9 vejce <\/td>\r\n<td>B\u00edly jogurt, med, mandle<\/td>\r\n<td>Brynza s b\u00edlky<\/td><\/tr><tr class=\"jet-listing-dynamic-repeater__item\"><td>12..<\/td>\r\n<td>B\u00edl\u00fd jogurt, vla\u0161sk\u00e9 o\u0159echy, med, sko\u0159\u00edce<\/td>\r\n<td>Ovocn\u00fd sal\u00e1t<\/td>\r\n<td>T\u011bstoviny, \u0161pen\u00e1t<\/td>\r\n<td>Okurkov\u00fd sal\u00e1t s jogurtem<\/td>\r\n<td>Hr\u00e1\u0161kov\u00fd kr\u00e9m<\/td><\/tr><tr class=\"jet-listing-dynamic-repeater__item\"><td>13..<\/td>\r\n<td>Mrkev, jablko, med, rozinky, vla\u0161sk\u00e9 o\u0159echy<\/td>\r\n<td>\u0160vestky<\/td>\r\n<td>Mrkvov\u00fd perkelt, strouhan\u00fd s\u00fdr<\/td>\r\n<td>B\u00edly jogurt, med, mandle<\/td>\r\n<td>Bor\u0161\u010d<\/td><\/tr><tr class=\"jet-listing-dynamic-repeater__item\"><td>14..<\/td>\r\n<td>Mrkev, jablko, med, rozinky, vla\u0161sk\u00e9 o\u0159echy<\/td>\r\n<td>Datle<\/td>\r\n<td>Ku\u0159ec\u00ed karban\u00e1tky s celerem, zeleninov\u00fd sal\u00e1t \/ Vegetari\u00e1n: Brokolicov\u00e9 karban\u00e1tky, zeleninov\u00fd sal\u00e1t <\/td>\r\n<td>B\u00edl\u00fd jogurt<\/td>\r\n<td>Brokolice s \u010desnekem, z\u00e1zvor, strouhan\u00fd s\u00fdr<\/td><\/tr><tr class=\"jet-listing-dynamic-repeater__item\"><td>15..<\/td>\r\n<td>Grahamov\u00fd rohl\u00edk, med, vla\u0161sk\u00e9 o\u0159echy, grepov\u00e1 \u0161\u0165\u00e1va<\/td>\r\n<td>Ananas<\/td>\r\n<td>Ku\u0159ec\u00ed karban\u00e1tky s celerem, zeleninov\u00fd sal\u00e1t \/ Vegetari\u00e1n: Tempeh na indick\u00fd zp\u016fsob, r\u00fd\u017ee basmati<\/td>\r\n<td>Zeleninov\u00fd sal\u00e1t s mandlemi<\/td>\r\n<td>Brynza s b\u00edlky<\/td><\/tr><tr class=\"jet-listing-dynamic-repeater__item\"><td>16..<\/td>\r\n<td>Mrkev, jablko, med, rozinky, vla\u0161sk\u00e9 o\u0159echy<\/td>\r\n<td>Kiwi<\/td>\r\n<td>Fazolov\u00e1 pol\u00e9vka adzuki \/ Fazolov\u00e9 lusky, sal\u00e1t z \u010derven\u00e9 \u0159epy<\/td>\r\n<td>B\u00edl\u00fd jogurt, med, vla\u0161sk\u00e9 o\u0159echy<\/td>\r\n<td>Mozzarella, raj\u010data, bazalka<\/td><\/tr><tr class=\"jet-listing-dynamic-repeater__item\"><td>17..<\/td>\r\n<td>Va\u0159en\u00e9 j\u00e1hly, vla\u0161sk\u00e9 o\u0159echy, su\u0161en\u00e9 \u0161vestky, med<\/td>\r\n<td>Ovocn\u00e9 pyr\u00e9<\/td>\r\n<td>D\u00fd\u0148ov\u00fd kr\u00e9m, Cuketov\u00e9 placky<\/td>\r\n<td>Zeleninov\u00fd sal\u00e1t s mandlemi<\/td>\r\n<td>Zeleninov\u00fd kr\u00e9m<\/td><\/tr><tr class=\"jet-listing-dynamic-repeater__item\"><td>18..<\/td>\r\n<td>B\u00edl\u00fd jogurt, vla\u0161sk\u00e9 o\u0159echy, med, sko\u0159\u00edce<\/td>\r\n<td>Hru\u0161ka<\/td>\r\n<td>\u010cerven\u00e1 \u0159epa, cibule, tu\u0148\u00e1k \/ Vegetari\u00e1n: \u010cerven\u00e1 \u0159epa, cibule, vejce<\/td>\r\n<td>Okurkov\u00fd sal\u00e1t s jogurtem<\/td>\r\n<td>Sal\u00e1t z \u010derven\u00e9 \u0159epy, sma\u017een\u00e1 ku\u0159ec\u00ed prsa obalen\u00e1 ve vla\u0161sk\u00fdch o\u0159ech. \/ Vegetari\u00e1n: Brokolicov\u00e9 karban\u00e1tky, sal\u00e1t z \u010derven\u00e9 \u0159epy<\/td><\/tr><tr class=\"jet-listing-dynamic-repeater__item\"><td>19..<\/td>\r\n<td>Pohankov\u00e9 vlo\u010dky, s\u00f3jov\u00e9 ml\u00e9ko, jablko, vla\u0161sk\u00e9 o\u0159echy, med<\/td>\r\n<td>Ovocn\u00fd sal\u00e1t<\/td>\r\n<td>Treska na m\u00e1sle, celerov\u00e9 pyr\u00e9 \/ Vegetari\u00e1n: Indick\u00e9 tofu, celerov\u00e9 pyr\u00e9 <\/td>\r\n<td>\u0158edkvi\u010dkov\u00fd sal\u00e1t<\/td>\r\n<td>Mrkvov\u00fd perkelt, strouhan\u00fd s\u00fdr, brokolice s \u010desnekem<\/td><\/tr><tr class=\"jet-listing-dynamic-repeater__item\"><td>20..<\/td>\r\n<td>Mrkev, jablko, med, rozinky, vla\u0161sk\u00e9 o\u0159echy<\/td>\r\n<td>Jablko<\/td>\r\n<td>Ku\u0159ec\u00ed stehno, pe\u010den\u00fd celer\/ Vegetari\u00e1n: Tofu karban\u00e1tek, pe\u010den\u00fd celer<\/td>\r\n<td>B\u00edly jogurt, med, mandle<\/td>\r\n<td>Brokolice s \u010desnekem, tu\u0148\u00e1k<\/td><\/tr><tr class=\"jet-listing-dynamic-repeater__item\"><td>21..<\/td>\r\n<td>Va\u0159en\u00e9 j\u00e1hly, vla\u0161sk\u00e9 o\u0159echy, su\u0161en\u00e9 \u0161vestky, med<\/td>\r\n<td>Meru\u0148ky<\/td>\r\n<td>Kr\u016ft\u00ed stehna, pe\u010den\u00fd celer \/ \u010cerven\u00e1 \u0159epa, okurek \/ Vegetari\u00e1n: Indick\u00e9 tofu, pe\u010den\u00fd celer<\/td>\r\n<td>B\u00edl\u00fd jogurt<\/td>\r\n<td>Brynza s b\u00edlky<\/td><\/tr><tr class=\"jet-listing-dynamic-repeater__item\"><td>22..<\/td>\r\n<td>Pohankov\u00e9 vlo\u010dky, s\u00f3jov\u00e9 ml\u00e9ko, jablko, vla\u0161sk\u00e9 o\u0159echy, med<\/td>\r\n<td>Datle<\/td>\r\n<td>T\u011bstoviny, kedlubna <\/td>\r\n<td>Slan\u00fd \u0161pen\u00e1tov\u00fd kol\u00e1\u010d<\/td>\r\n<td>Ku\u0159ec\u00ed karban\u00e1tky s celerem, zeleninov\u00fd sal\u00e1t \/ Vegetari\u00e1n: Brokolicov\u00e9 karban\u00e1tky, zeleninov\u00fd sal\u00e1t <\/td><\/tr><tr class=\"jet-listing-dynamic-repeater__item\"><td>23..<\/td>\r\n<td>Mrkev, jablko, med, rozinky, vla\u0161sk\u00e9 o\u0159echy<\/td>\r\n<td>Ananas<\/td>\r\n<td>Mrkvov\u00fd perkelt, strouhan\u00fd s\u00fdr, brokolice s \u010desnekem<\/td>\r\n<td>B\u00edly jogurt, med, mandle<\/td>\r\n<td>Sal\u00e1t z \u010derven\u00e9 \u0159epy, sma\u017een\u00e1 ku\u0159ec\u00ed prsa obalen\u00e1 ve vla\u0161sk\u00fdch o\u0159ech. \/ Vegetari\u00e1n: Sal\u00e1t z \u010derven\u00e9 \u0159epy, vejce<\/td><\/tr><tr class=\"jet-listing-dynamic-repeater__item\"><td>24..<\/td>\r\n<td>Va\u0159en\u00e9 j\u00e1hly, vla\u0161sk\u00e9 o\u0159echy, su\u0161en\u00e9 \u0161vestky, med<\/td>\r\n<td>Ovocn\u00e9 pyr\u00e9<\/td>\r\n<td>Treska na m\u00e1sle, sal\u00e1t z \u010derven\u00e9 \u0159epy \/ Vegetari\u00e1n: Sal\u00e1t z \u010derven\u00e9 \u0159epy, s\u00fdr<\/td>\r\n<td>Zeleninov\u00fd sal\u00e1t s mandlemi<\/td>\r\n<td>D\u00fd\u0148ov\u00fd kr\u00e9m, Cuketov\u00e9 placky<\/td><\/tr><tr class=\"jet-listing-dynamic-repeater__item\"><td>25..<\/td>\r\n<td>Mrkev, jablko, med, rozinky, vla\u0161sk\u00e9 o\u0159echy<\/td>\r\n<td>Jablko<\/td>\r\n<td>T\u011bstoviny, \u0161pen\u00e1t<\/td>\r\n<td>B\u00edly jogurt, med, mandle<\/td>\r\n<td>Sal\u00e1t z \u010derven\u00e9 \u0159epy, tu\u0148\u00e1k \/ Vegetari\u00e1n: Sal\u00e1t z \u010derven\u00e9 \u0159epy, vejce<\/td><\/tr><tr class=\"jet-listing-dynamic-repeater__item\"><td>26..<\/td>\r\n<td>B\u00edl\u00fd jogurt, vla\u0161sk\u00e9 o\u0159echy, med, sko\u0159\u00edce<\/td>\r\n<td>Ovocn\u00fd sal\u00e1t<\/td>\r\n<td>Brynza s b\u00edlky<\/td>\r\n<td>Slan\u00fd \u0161pen\u00e1tov\u00fd kol\u00e1\u010d<\/td>\r\n<td>Va\u0159en\u00e9 j\u00e1hly, vla\u0161sk\u00e9 o\u0159echy, su\u0161en\u00e9 \u0161vestky, med<\/td><\/tr><tr class=\"jet-listing-dynamic-repeater__item\"><td>27..<\/td>\r\n<td>Grahamov\u00fd rohl\u00edk, med, vla\u0161sk\u00e9 o\u0159echy, grepov\u00e1 \u0161\u0165\u00e1va<\/td>\r\n<td>\u0160vestky<\/td>\r\n<td>Bor\u0161\u010d<\/td>\r\n<td>B\u00edl\u00fd jogurt, med, mandle<\/td>\r\n<td>Treska na m\u00e1sle, celerov\u00e9 pyr\u00e9 \/ Vegetari\u00e1n: Indick\u00e9 tofu, celerov\u00e9 pyr\u00e9 <\/td><\/tr><tr class=\"jet-listing-dynamic-repeater__item\"><td>28..<\/td>\r\n<td>Va\u0159en\u00e9 j\u00e1hly, vla\u0161sk\u00e9 o\u0159echy, su\u0161en\u00e9 \u0161vestky, med<\/td>\r\n<td>Datle<\/td>\r\n<td>Ku\u0159ec\u00ed karban\u00e1tky s celerem, zeleninov\u00fd sal\u00e1t \/ Vegetari\u00e1n: Brokolicov\u00e9 karban\u00e1tky, zeleninov\u00fd sal\u00e1t<\/td>\r\n<td>B\u00edly jogurt<\/td>\r\n<td>\u010cerven\u00e1 \u0159epa, cibule, tu\u0148\u00e1k \/ Vegetari\u00e1n: \u010cerven\u00e1 \u0159epa, cibule, vejce<\/td><\/tr><\/table><\/div><\/div>\t\t<\/div>\n\t\t\t\t<\/div>\n\t\t\t\t<div class=\"elementor-element elementor-element-4d19136 elementor-widget elementor-widget-text-editor\" data-id=\"4d19136\" data-element_type=\"widget\" data-widget_type=\"text-editor.default\">\n\t\t\t\t<div class=\"elementor-widget-container\">\n\t\t\t\t\t\t\t<p>*Uveden\u00fd j\u00eddeln\u00ed\u010dek plat\u00ed pro Z\u00e1padn\u00ed Slovensko a \u010ceskou republiku<br \/>\n**Zm\u011bna j\u00eddeln\u00ed\u010dku vyhrazena, v\u0161echny zm\u011bny v j\u00eddeln\u00ed\u010dku jsou p\u0159edem konzultov\u00e1ny a n\u00e1sledn\u011b schv\u00e1len\u00e9 pan\u00ed PaedDr. Antoni\u00ed Ma\u010dingov\u00e1<\/p>\n\t\t\t\t\t\t<\/div>\n\t\t\t\t<\/div>\n\t\t\t\t\t<\/div>\n\t\t<\/div>\n\t\t\t\t\t\t\t<\/div>\n\t\t<\/section>\n\t\t\t\t\t\t\t<\/div>\n\t\t","protected":false},"excerpt":{"rendered":"<p>De\u0148 Ra\u0148ajky Desiata Obed Olovrant Ve\u010dera 1. Mrkva, jablko, orechy, hrozienka, med Anan\u00e1s Brokolica s cesnakom, str\u00fahan\u00fd syr Zeleninov\u00fd \u0161al\u00e1t s mand\u013eami Cviklov\u00fd \u0161al\u00e1t, str\u00fahan\u00fd syr 2. Mrkva, jablko, orechy, hrozienka, med Kiwi Fazu\u013eov\u00e9 struky s cesnakom, str\u00fahan\u00fd syr Biely jogurt, med, vla\u0161sk\u00e9 orechy Cviklov\u00fd \u0161al\u00e1t, varen\u00e9 vaj\u00ed\u010dko 3. Mrkva, jablko, orechy, hrozienka, med Ovocn\u00e9 [&hellip;]<\/p>\n","protected":false},"author":1,"featured_media":0,"parent":73158,"menu_order":0,"comment_status":"closed","ping_status":"closed","template":"","meta":{"rank_math_lock_modified_date":false,"_mi_skip_tracking":false,"_monsterinsights_sitenote_active":false,"_monsterinsights_sitenote_note":"","_monsterinsights_sitenote_category":0,"site-sidebar-layout":"no-sidebar","site-content-layout":"page-builder","ast-site-content-layout":"","site-content-style":"default","site-sidebar-style":"default","ast-global-header-display":"","ast-banner-title-visibility":"","ast-main-header-display":"","ast-hfb-above-header-display":"","ast-hfb-below-header-display":"","ast-hfb-mobile-header-display":"","site-post-title":"disabled","ast-breadcrumbs-content":"","ast-featured-img":"disabled","footer-sml-layout":"","theme-transparent-header-meta":"default","adv-header-id-meta":"","stick-header-meta":"","header-above-stick-meta":"","header-main-stick-meta":"","header-below-stick-meta":"","astra-migrate-meta-layouts":"default","ast-page-background-enabled":"default","ast-page-background-meta":{"desktop":{"background-color":"","background-image":"","background-repeat":"repeat","background-position":"center center","background-size":"auto","background-attachment":"scroll","background-type":"","background-media":"","overlay-type":"","overlay-color":"","overlay-opacity":"","overlay-gradient":""},"tablet":{"background-color":"","background-image":"","background-repeat":"repeat","background-position":"center center","background-size":"auto","background-attachment":"scroll","background-type":"","background-media":"","overlay-type":"","overlay-color":"","overlay-opacity":"","overlay-gradient":""},"mobile":{"background-color":"","background-image":"","background-repeat":"repeat","background-position":"center center","background-size":"auto","background-attachment":"scroll","background-type":"","background-media":"","overlay-type":"","overlay-color":"","overlay-opacity":"","overlay-gradient":""}},"ast-content-background-meta":{"desktop":{"background-color":"var(--ast-global-color-5)","background-image":"","background-repeat":"repeat","background-position":"center center","background-size":"auto","background-attachment":"scroll","background-type":"","background-media":"","overlay-type":"","overlay-color":"","overlay-opacity":"","overlay-gradient":""},"tablet":{"background-color":"var(--ast-global-color-5)","background-image":"","background-repeat":"repeat","background-position":"center center","background-size":"auto","background-attachment":"scroll","background-type":"","background-media":"","overlay-type":"","overlay-color":"","overlay-opacity":"","overlay-gradient":""},"mobile":{"background-color":"var(--ast-global-color-5)","background-image":"","background-repeat":"repeat","background-position":"center center","background-size":"auto","background-attachment":"scroll","background-type":"","background-media":"","overlay-type":"","overlay-color":"","overlay-opacity":"","overlay-gradient":""}},"footnotes":""},"class_list":["post-72762","page","type-page","status-publish","hentry"],"acf":[],"_links":{"self":[{"href":"https:\/\/macingova.com\/cs\/wp-json\/wp\/v2\/pages\/72762"}],"collection":[{"href":"https:\/\/macingova.com\/cs\/wp-json\/wp\/v2\/pages"}],"about":[{"href":"https:\/\/macingova.com\/cs\/wp-json\/wp\/v2\/types\/page"}],"author":[{"embeddable":true,"href":"https:\/\/macingova.com\/cs\/wp-json\/wp\/v2\/users\/1"}],"replies":[{"embeddable":true,"href":"https:\/\/macingova.com\/cs\/wp-json\/wp\/v2\/comments?post=72762"}],"version-history":[{"count":3,"href":"https:\/\/macingova.com\/cs\/wp-json\/wp\/v2\/pages\/72762\/revisions"}],"predecessor-version":[{"id":104535,"href":"https:\/\/macingova.com\/cs\/wp-json\/wp\/v2\/pages\/72762\/revisions\/104535"}],"up":[{"embeddable":true,"href":"https:\/\/macingova.com\/cs\/wp-json\/wp\/v2\/pages\/73158"}],"wp:attachment":[{"href":"https:\/\/macingova.com\/cs\/wp-json\/wp\/v2\/media?parent=72762"}],"curies":[{"name":"wp","href":"https:\/\/api.w.org\/{rel}","templated":true}]}}