{"id":35422,"date":"2019-01-06T21:09:07","date_gmt":"2019-01-06T20:09:07","guid":{"rendered":"https:\/\/macingova.com\/zasady-ochrany-osobnich-udaju\/"},"modified":"2020-10-27T13:23:46","modified_gmt":"2020-10-27T12:23:46","slug":"zasady-ochrany-osobnich-udaju","status":"publish","type":"page","link":"https:\/\/macingova.com\/cs\/zasady-ochrany-osobnich-udaju\/","title":{"rendered":"Z\u00e1sady ochrany osobn\u00edch \u00fadaj\u016f"},"content":{"rendered":"\t\t<div data-elementor-type=\"wp-post\" data-elementor-id=\"35422\" class=\"elementor elementor-35422 elementor-29486\" data-elementor-post-type=\"page\">\n\t\t\t\t\t\t\t\t\t<section class=\"elementor-section elementor-top-section elementor-element elementor-element-02d138b elementor-section-boxed elementor-section-height-default elementor-section-height-default\" data-id=\"02d138b\" data-element_type=\"section\">\n\t\t\t\t\t\t<div class=\"elementor-container elementor-column-gap-default\">\n\t\t\t\t\t<div class=\"elementor-column elementor-col-100 elementor-top-column elementor-element elementor-element-b3a16a0\" data-id=\"b3a16a0\" data-element_type=\"column\">\n\t\t\t<div class=\"elementor-widget-wrap elementor-element-populated\">\n\t\t\t\t\t\t\t\t<div class=\"elementor-element elementor-element-e8b2cd3 elementor-widget elementor-widget-text-editor\" data-id=\"e8b2cd3\" data-element_type=\"widget\" data-widget_type=\"text-editor.default\">\n\t\t\t\t<div class=\"elementor-widget-container\">\n\t\t\t\t\t\t\t<div class=\"fusion-title title fusion-title-size-one\">\u00a0<\/div>\n<div class=\"fusion-text\">\n<p>Prev\u00e1dzkovate\u013e\/prev\u00e1dzkovatelia (pod\u013ea dokumentu <a href=\"https:\/\/macingova.com\/cs\/vseobecne-obchodni-podminky\/\">V\u0161eobecn\u00e9 obchodn\u00e9 podmienky<\/a>) sa zav\u00e4zuj\u00fa zachov\u00e1va\u0165 ml\u010danlivos\u0165 o v\u0161etk\u00fdch poskytnut\u00fdch osobn\u00fdch \u00fadajoch, chr\u00e1ni\u0165 ich pred stratou, odcudzen\u00edm, po\u0161koden\u00edm, neopr\u00e1vnen\u00fdm pr\u00edstupom a neopr\u00e1vnen\u00fdm roz\u0161irovan\u00edm. Prev\u00e1dzkovate\u013e je opr\u00e1vnen\u00fd spr\u00edstup\u0148ova\u0165 osobn\u00e9 \u00fadaje tret\u00edm osob\u00e1m iba na z\u00e1klade pravidiel, pop\u00edsan\u00fdch v tomto dokumente.<\/p>\n<h2>Ak\u00e9 osobn\u00e9 \u00fadaje z\u00edskavame a pre\u010do ich zbierame<\/h2>\n<h3>Objedn\u00e1vky<\/h3>\n<p>1. Kupuj\u00faci podpisom Zmluvy alebo odoslan\u00edm objedn\u00e1vky alebo emailovej objedn\u00e1vky potvrdzuje, \u017ee n\u00edm poskytnut\u00e9 osobn\u00e9 \u00fadaje s\u00fa presn\u00e9 a pravdiv\u00e9 a d\u00e1va svoj s\u00fahlas v zmysle \u00a7 11 z\u00e1kona \u010d. 122\/2013 Z. z. o ochrane osobn\u00fdch \u00fadajov a o zmene a doplnen\u00ed niektor\u00fdch z\u00e1konov, so zhroma\u017e\u010fovan\u00edm, uchov\u00e1van\u00edm a sprac\u00favan\u00edm osobn\u00fdch \u00fadajov v rozsahu a sp\u00f4sobom pod\u013ea tohto \u010dl\u00e1nku a udelen\u00e9ho s\u00fahlasu. Kupuj\u00faci nesie pln\u00fa zodpovednos\u0165 za \u0161kody sp\u00f4soben\u00e9 nespr\u00e1vnos\u0165ou alebo neaktu\u00e1lnos\u0165ou poskytnut\u00fdch osobn\u00fdch \u00fadajov.<br \/>2. Prev\u00e1dzkovate\u013e je na z\u00e1klade z\u00e1kona \u010d. 122\/2013 Z. z. o ochrane osobn\u00fdch \u00fadajov v znen\u00ed neskor\u0161\u00edch predpisov opr\u00e1vnen\u00fd z\u00edskava\u0165 a sprac\u00fava\u0165 v informa\u010dn\u00fdch syst\u00e9moch \u00fadaje Kupuj\u00faceho a\/ alebo \u00fadaje s\u00favisiace s Kupuj\u00facim, ktor\u00fdmi s\u00fa:<\/p>\n<p>a) obchodn\u00e9 meno, miesto podnikania a identifika\u010dn\u00e9 \u010d\u00edslo Klienta, ak ide o fyzick\u00fa osobu podnikate\u013ea alebo obchodn\u00e9 meno, s\u00eddlo a identifika\u010dn\u00e9 \u010d\u00edslo pr\u00e1vnickej osoby, identifika\u010dn\u00e9 \u00fadaje osoby opr\u00e1vnenej kona\u0165 v mene Klienta, alebo meno a\u00a0priezvisko, bydlisko, d\u00e1tum narodenia a\u00a0rodn\u00e9 \u010d\u00edslo, ak ide o\u00a0fyzick\u00fa osobu,<br \/>b) telef\u00f3nne \u010d\u00edslo\/\u010d\u00edsla, e-mailov\u00fa adresu\/adresy alebo in\u00e9 kontaktn\u00e9 a identifika\u010dn\u00e9 \u00fadaje Kupuj\u00faceho, faktura\u010dn\u00fa adresu, ozna\u010denie os\u00f4b a zamestnancov Kupuj\u00faceho opr\u00e1vnen\u00fdch vykon\u00e1va\u0165 v jeho mene pod\u013ea Zmluvy, ako aj \u010fal\u0161ie \u00fadaje, ktor\u00e9 s\u00fa s\u00fa\u010das\u0165ou Zmluvy,\u00a0<br \/>c) \u00fadaje o vy\u00fa\u010dtovan\u00ed slu\u017eieb, v\u00fd\u0161ka neuhraden\u00fdch z\u00e1v\u00e4zkov, ako aj in\u00e9 \u00fadaje, ktor\u00e9 vznikn\u00fa v s\u00favislosti s plnen\u00edm Zmluvy.<\/p>\n<p>Osoby opr\u00e1vnen\u00e9 kona\u0165 v mene Kupuj\u00faceho sa pova\u017euj\u00fa za Dotknut\u00e9 osoby a osoby, ktor\u00e9 ur\u010d\u00ed a ozn\u00e1mi Kupuj\u00faci Pred\u00e1vaj\u00facemu, aby za neho objedn\u00e1vali a preberali uhraden\u00e9 Produkty pod\u013ea Zmluvy, s\u00fa pomenovan\u00e9 ako Zodpovedn\u00e9 osoby.<\/p>\n<p>Pred\u00e1vaj\u00faci bude sprac\u00fava\u0165 \u00fadaje pod\u013ea tohto \u010dl\u00e1nku v nevyhnutnom rozsahu na \u00fa\u010dely:<\/p>\n<p>a.a) uzavretia a plnenia Zmluvy, jej zmeny a ukon\u010denia,\u00a0<br \/>a.b) faktur\u00e1cie, prij\u00edmania a z\u00fa\u010dtovania platieb, vedenia, vym\u00e1hania a postupovania poh\u013ead\u00e1vok, poskytovania starostlivosti o Klienta vr\u00e1tane vybavovania s\u0165a\u017enost\u00ed a reklam\u00e1ci\u00ed a zodpovedania ot\u00e1zok Klienta alebo osoby konaj\u00facej v mene Klienta,\u00a0<br \/>a.c) priameho marketingu, pr\u00edpadne\u00a0<br \/>a.d) na in\u00e9 \u00fa\u010dely a v inom rozsahu, ak to dovo\u013euje alebo stanovuje osobitn\u00fd pr\u00e1vny predpis.<\/p>\n<p>4. Kupuj\u00faci je uzrozumen\u00fd s t\u00fdm, \u017ee hovory na z\u00e1kazn\u00edckych link\u00e1ch prev\u00e1dzkovate\u013ea m\u00f4\u017eu by\u0165 zaznamen\u00e1van\u00e9 v s\u00falade so z\u00e1konom o ochrane osobn\u00fdch \u00fadajov, pri\u010dom je o tejto skuto\u010dnosti povinn\u00fd informova\u0165 Dotknut\u00e9 osoby.\u00a0<br \/>5. Pred\u00e1vaj\u00faci sa zav\u00e4zuje, \u017ee na zaznamen\u00e1vanie hovorov bude Kupuj\u00faci a\/alebo Dotknut\u00e1 osoba a\/alebo Zodpovedn\u00e1 osoba na \u00favod hovoru upozornen\u00e1, pri\u010dom za s\u00fahlas s touto formou z\u00edskania a spracovania \u00fadajov sa pova\u017euje aj s\u00fahlas z\u00edskan\u00fd po\u010das volania, ak volaj\u00facej\/volanej osobe je dan\u00e1 mo\u017enos\u0165 tak\u00e9to volanie odmietnu\u0165 alebo ho zru\u0161i\u0165. Na spracovanie osobn\u00fdch \u00fadajov z\u00edskan\u00fdch v s\u00favislosti s telefonick\u00fdm hovorom na z\u00e1kazn\u00edcku linku Spolo\u010dnosti sa vz\u0165ahuj\u00fa ustanovenia tohto \u010dl\u00e1nku.<br \/>6. Kupuj\u00faci poskytuje prev\u00e1dzkovate\u013eovi s\u00fahlas pod\u013ea tohto \u010dl\u00e1nku VOP dobrovo\u013ene, na dobu neur\u010dit\u00fa, a\u017e do jeho p\u00edsomn\u00e9ho odvolania.<br \/>7. Kupuj\u00faci m\u00e1 pr\u00e1vo udelen\u00fd s\u00fahlas kedyko\u013evek p\u00edsomne odvola\u0165. Odvolanie s\u00fahlasu je \u00fa\u010dinn\u00e9 d\u0148om doru\u010denia odvolania s\u00fahlasu prev\u00e1dzkovate\u013eovi.<\/p>\n<h3>Koment\u00e1re<\/h3>\n<p>Ke\u010f n\u00e1v\u0161tevn\u00edci webu zanechavaj\u00fa na str\u00e1nke koment\u00e1re, zbierame \u00fadaje, ktor\u00e9 s\u00fa zobrazen\u00e9 vo formul\u00e1ri koment\u00e1ra a taktie\u017e IP adresu pou\u017e\u00edvate\u013eov a user-agent prehliada\u010da z d\u00f4vodu ochrany proti spamu.<\/p>\n<p>Anonymizovan\u00fd re\u0165azec vytvoren\u00fd z va\u0161ej e-mailovej adresy (naz\u00fdvan\u00fd aj hash) m\u00f4\u017ee by\u0165 poskytnut\u00fd slu\u017ebe Gravatar pre overenie, \u010di ju pou\u017e\u00edvate. Z\u00e1sady ochrany osobn\u00fdch \u00fadajov slu\u017eby Gravatar n\u00e1jdete na: https:\/\/automattic.com\/privacy\/. Po schv\u00e1len\u00ed v\u00e1\u0161ho koment\u00e1ra bude va\u0161a profilov\u00e1 fotografia verejne zobrazen\u00e1 spolu s obsahom v\u00e1\u0161ho koment\u00e1ra.<\/p>\n<h3>Multim\u00e9di\u00e1<\/h3>\n<p>Pri nahr\u00e1van\u00ed obr\u00e1zkov na webov\u00fa str\u00e1nku by ste sa mali vyhn\u00fa\u0165 nahr\u00e1vaniu obr\u00e1zkov s EXIF GPS \u00fadajmi o polohe. N\u00e1v\u0161tevn\u00edci webu m\u00f4\u017eu stiahnu\u0165 a zobrazi\u0165 ak\u00e9ko\u013evek \u00fadaje o polohe z obr\u00e1zkov.<\/p>\n<h3>Kontaktn\u00e9 formul\u00e1re<\/h3>\n<p>Ke\u010f n\u00e1v\u0161tevn\u00edci webu zanechavaj\u00fa na str\u00e1nke spr\u00e1vu, zbierame \u00fadaje, ktor\u00e9 s\u00fa odoslan\u00e9 vo formul\u00e1ri a taktie\u017e IP adresu pou\u017e\u00edvate\u013eov a user-agent prehliada\u010da z d\u00f4vodu ochrany proti spamu.<\/p>\n<h3>S\u00fabory cookies<\/h3>\n<p>Ak prid\u00e1te koment\u00e1r na na\u0161ej str\u00e1nke, m\u00f4\u017eete s\u00fahlasi\u0165 s ulo\u017een\u00edm v\u00e1\u0161ho mena, e-mailovej adresy a webovej str\u00e1nky do s\u00faborov cookies. Je to pre va\u0161e pohodlie, aby ste nemuseli op\u00e4tovne vyp\u013a\u0148a\u0165 va\u0161e \u00fadaje znovu pri prid\u00e1van\u00ed \u010fal\u0161ieho koment\u00e1ra. Tieto s\u00fabory cookies s\u00fa platn\u00e9 jeden rok.<\/p>\n<p>Ak m\u00e1te na na\u0161ej webovej str\u00e1nke \u00fa\u010det a prihl\u00e1site sa, ulo\u017e\u00edme do\u010dasn\u00e9 s\u00fabory cookies na ur\u010denie toho, \u010di v\u00e1\u0161 prehliada\u010d akceptuje s\u00fabory cookies. Tieto s\u00fabory cookies neobsahuj\u00fa \u017eiadne osobn\u00e9 \u00fadaje a s\u00fa zru\u0161en\u00e9 pri zatvoren\u00ed prehliada\u010da.<\/p>\n<p>Pri prihl\u00e1sen\u00ed nastav\u00edme nieko\u013eko s\u00faborov cookies, aby sme ulo\u017eili va\u0161e prihlasovacie \u00fadaje a nastavenia zobrazenia. Prihlasovacie cookies s\u00fa platn\u00e9 dva dni a nastavenia zobrazenia jeden rok. Ak zvol\u00edte mo\u017enos\u0165 \u201czapam\u00e4ta\u0165\u201d, va\u0161e prihl\u00e1senie bude platn\u00e9 dva t\u00fd\u017edne. Pri odhl\u00e1sen\u00ed sa z v\u00e1\u0161ho \u00fa\u010dtu s\u00fa s\u00fabory cookies odstr\u00e1nen\u00e9.<\/p>\n<p>Pri \u00faprave alebo publikovan\u00ed \u010dl\u00e1nku bud\u00fa vo va\u0161om prehliada\u010di ulo\u017een\u00e9 dodato\u010dn\u00e9 s\u00fabory cookies. Tieto s\u00fabory cookies neobsahuj\u00fa \u017eiadne osobn\u00e9 \u00fadaje a odkazuj\u00fa iba na ID \u010dl\u00e1nku, ktor\u00fd ste upravovali. S\u00fabory s\u00fa platn\u00e9 1 de\u0148.<\/p>\n<h3>Vlo\u017een\u00fd obsah z in\u00fdch webov\u00fdch str\u00e1nok<\/h3>\n<p>\u010cl\u00e1nky na tejto webovej str\u00e1nke m\u00f4\u017eu obsahova\u0165 vlo\u017een\u00fd obsah (napr. vide\u00e1, obr\u00e1zky, \u010dl\u00e1nky a podobne). Vlo\u017een\u00fd obsah z in\u00fdch str\u00e1nok sa chov\u00e1 rovnako, akoby n\u00e1v\u0161tevn\u00edk nav\u0161t\u00edvil in\u00fa webov\u00fa str\u00e1nku.<\/p>\n<p>Tieto webov\u00e9 str\u00e1nky m\u00f4\u017eu o v\u00e1s zbiera\u0165 osobn\u00e9 \u00fadaje, pou\u017e\u00edva\u0165 s\u00fabory cookies, vklada\u0165 tre\u0165o-strann\u00e9 sledovanie a monitorova\u0165 va\u0161u interakciu s vlo\u017een\u00fdm obsahom, v\u010detne sledovania va\u0161ej interakcie s vlo\u017een\u00fdm obsahom, ak na danej webovej str\u00e1nke m\u00e1te \u00fa\u010det a ste prihl\u00e1sen\u00fd.<\/p>\n<h3>Analytika<\/h3>\n<p>Pri prehliadan\u00ed str\u00e1nky z\u00edskavame \u00fadaje ako IP adresu, lokalitu a user-agent, pre analytick\u00e9 \u00fa\u010dely.<\/p>\n<h3>\u010co zhroma\u017e\u010fujeme a uchov\u00e1vame<\/h3>\n<p>Po\u010das va\u0161ej n\u00e1v\u0161tevy na na\u0161ich webov\u00fdch str\u00e1nkach budeme zaznamen\u00e1va\u0165:<\/p>\n<ul>\n<li>Produkty ktor\u00e9 ste si prezerali: tento \u00fadaj je pou\u017e\u00edvan\u00fd napr. na zobrazenie naposledy viden\u00fdch produktov<\/li>\n<li>Poloha, IP adresa a typ prehliada\u010da: toto pou\u017eijeme na \u00fa\u010dely ako v\u00fdpo\u010det dan\u00ed \u010di po\u0161tovn\u00e9ho<\/li>\n<li>Adresa doru\u010denia: tento \u00fadaj je pou\u017e\u00edvan\u00fd napr. na kalkul\u00e1ciu po\u0161tovn\u00e9ho pred zadan\u00edm a odoslan\u00edm objedn\u00e1vky<\/li>\n<li>Cookies budeme pou\u017e\u00edva\u0165 aj na sledovanie obsahu ko\u0161\u00edka, zatia\u013e \u010do budete prech\u00e1da\u0165 na\u0161u webov\u00fa str\u00e1nku<\/li>\n<\/ul>\n<p>Ke\u010f u n\u00e1s nak\u00fapite, po\u017eiadame v\u00e1s o poskytnutie inform\u00e1ci\u00ed vr\u00e1tane v\u00e1\u0161ho mena, faktura\u010dnej adresy, dodacej adresy, e-mailovej adresy, telef\u00f3nneho \u010d\u00edsla, \u00fadajov o kreditnej karte\/platbe a volite\u013en\u00fdch inform\u00e1ci\u00ed o \u00fa\u010dte ako pou\u017e\u00edvate\u013esk\u00e9ho mena a hesla. Tieto inform\u00e1cie pou\u017eijeme na \u00fa\u010dely, ako napr\u00edklad:<\/p>\n<ul>\n<li>Zasielanie inform\u00e1ci\u00ed o va\u0161om \u00fa\u010dte a objedn\u00e1vke.<\/li>\n<li>Odpovedanie na va\u0161e po\u017eiadavky, vr\u00e1tane refund\u00e1ci\u00ed a s\u0165a\u017enost\u00ed<\/li>\n<li>Spracovanie platieb a ochrana pred podvodom<\/li>\n<li>Nastavte svoj \u00fa\u010det pre n\u00e1\u0161 obchod<\/li>\n<li>Dodr\u017eiavame v\u0161etky z\u00e1konn\u00e9 povinnosti, ktor\u00e9 m\u00e1me. Napr\u00edklad v\u00fdpo\u010det dan\u00ed.<\/li>\n<li>Pom\u00f4\u017ete n\u00e1m zlep\u0161\u00ed\u0165 na\u0161u ponuku<\/li>\n<li>Po\u0161leme v\u00e1m marketingov\u00e9 ozn\u00e1menia, ak sa rozhodnete pre ich odber<\/li>\n<li>Ak si vytvor\u00edte \u00fa\u010det, ulo\u017e\u00edme va\u0161e meno, adresu, e-mail a telef\u00f3nne \u010d\u00edslo, ktor\u00e9 bud\u00fa pou\u017eit\u00e9 na vyplnenie \u00fadajov v pokladni pri va\u0161ich objedn\u00e1vkach.<\/li>\n<\/ul>\n<p>Ulo\u017e\u00edme taktie\u017e koment\u00e1re alebo hodnotenia, ak ich sa rozhodnete zanecha\u0165.<\/p>\n<h3>Kto v na\u0161om t\u00edme m\u00e1 pr\u00edstup<\/h3>\n<p>\u010clenovia n\u00e1\u0161ho t\u00edmu maj\u00fa pr\u00edstup k inform\u00e1ci\u00e1m, ktor\u00e9 n\u00e1m poskytnete. Napr\u00edklad administr\u00e1tori aj spr\u00e1vcovia obchodov maj\u00fa pr\u00edstup:<\/p>\n<ul>\n<li>Inform\u00e1cie o objedn\u00e1vke ako, \u010do bolo zak\u00fapen\u00e9, kedy, kde sa m\u00e1 odosla\u0165, a<\/li>\n<li>Inform\u00e1cie o z\u00e1kazn\u00edkovi, ako je va\u0161e meno, e-mailov\u00e1 adresa a inform\u00e1cie o faktur\u00e1cii a dodan\u00ed.<\/li>\n<li>\u010clenovia n\u00e1\u0161ho t\u00edmu maj\u00fa pr\u00edstup k t\u00fdmto inform\u00e1ci\u00e1m, ktor\u00e9 pom\u00e1haj\u00fa spracov\u00e1va\u0165 objedn\u00e1vky, reklam\u00e1cie a venova\u0165 sa va\u0161im ot\u00e1zkam.<\/li>\n<\/ul>\n<h3>Platby<\/h3>\n<p>Prij\u00edmame platby prostredn\u00edctvom slu\u017eby Stripe.com. Pri spracov\u00e1van\u00ed platieb sa niektor\u00e9 va\u0161e \u00fadaje odo\u0161l\u00fa do slu\u017eby Stripe.com vr\u00e1tane inform\u00e1ci\u00ed, ktor\u00e9 s\u00fa potrebn\u00e9 na spracovanie alebo podporu platby, ako je celkov\u00e1 suma n\u00e1kupu a faktura\u010dn\u00e9 \u00fadaje.<\/p>\n<h2>S k\u00fdm zdie\u013eame va\u0161e \u00fadaje<\/h2>\n<p>Inform\u00e1cie o tom, ako pou\u017e\u00edvate na\u0161e webov\u00e9 str\u00e1nky, poskytujeme aj na\u0161im partnerom v oblasti soci\u00e1lnych m\u00e9di\u00ed, inzercie a anal\u00fdzy. T\u00edto partneri m\u00f4\u017eu pr\u00edslu\u0161n\u00e9 inform\u00e1cie skombinova\u0165 s \u010fal\u0161\u00edmi \u00fadajmi, ktor\u00e9 ste im poskytli alebo ktor\u00e9 od v\u00e1s z\u00edskali, ke\u010f ste pou\u017e\u00edvali ich slu\u017eby.<\/p>\n<h2>Ako dlho uchov\u00e1vame va\u0161e \u00fadaje<\/h2>\n<p>Pri prid\u00e1van\u00ed koment\u00e1ra, koment\u00e1r a jeho meta\u00fadaje s\u00fa uchov\u00e1van\u00e9 oddelene. V\u010faka tomu vieme automaticky rozpozna\u0165 a schv\u00e1li\u0165 ak\u00e9ko\u013evek s\u00favisiace koment\u00e1re bez toho, aby museli by\u0165 podr\u017ean\u00e9 na moder\u00e1ciu.<\/p>\n<p>Pre pou\u017e\u00edvate\u013eov, ktor\u00ed sa zaregistruj\u00fa na na\u0161ich webov\u00fdch str\u00e1nkach (ak tak\u00ed existuj\u00fa), uklad\u00e1me aj osobn\u00e9 \u00fadaje, ktor\u00e9 poskytuj\u00fa, do ich u\u017e\u00edvate\u013esk\u00e9ho profilu. V\u0161etci pou\u017e\u00edvatelia m\u00f4\u017eu kedyko\u013evek zobrazi\u0165, upravi\u0165 alebo odstr\u00e1ni\u0165 svoje osobn\u00e9 \u00fadaje (okrem zmeny pou\u017e\u00edvate\u013esk\u00e9ho). Spr\u00e1vcovia webov\u00fdch str\u00e1nok tie\u017e m\u00f4\u017eu zobrazi\u0165 a upravi\u0165 tieto inform\u00e1cie.<\/p>\n<h2>Ak\u00e9 pr\u00e1va m\u00e1te nad svojimi \u00fadajmi<\/h2>\n<p>Ak na tejto webovej str\u00e1nke m\u00e1te \u00fa\u010det, alebo ste tu pridali koment\u00e1r, m\u00f4\u017eete po\u017eiada\u0165 o export va\u0161ich osobn\u00fdch \u00fadajov, ktor\u00e9 o v\u00e1s uklad\u00e1me, vr\u00e1tane \u00fadajov, ktor\u00e9 ste n\u00e1m poskytli. M\u00f4\u017eete tak isto po\u017eiada\u0165 o vymazanie osobn\u00fdch \u00fadajov. To sa ale net\u00fdka \u00fadajov, ktor\u00e9 o v\u00e1s mus\u00edme uchov\u00e1va\u0165 z administrat\u00edvnych, pr\u00e1vnych alebo bezpe\u010dnostn\u00fdch d\u00f4vodov.<\/p>\n<h2>Kam posielame va\u0161e \u00fadaje<\/h2>\n<p>Koment\u00e1re n\u00e1v\u0161tevn\u00edkov m\u00f4\u017eu by\u0165 kontrolovan\u00e9 prostredn\u00edctvom automatizovanej slu\u017eby na detekciu spamu.<\/p>\n<\/div>\n\t\t\t\t\t\t<\/div>\n\t\t\t\t<\/div>\n\t\t\t\t\t<\/div>\n\t\t<\/div>\n\t\t\t\t\t\t\t<\/div>\n\t\t<\/section>\n\t\t\t\t\t\t\t<\/div>\n\t\t","protected":false},"excerpt":{"rendered":"<p>\u00a0 Prev\u00e1dzkovate\u013e\/prev\u00e1dzkovatelia (pod\u013ea dokumentu V\u0161eobecn\u00e9 obchodn\u00e9 podmienky) sa zav\u00e4zuj\u00fa zachov\u00e1va\u0165 ml\u010danlivos\u0165 o v\u0161etk\u00fdch poskytnut\u00fdch osobn\u00fdch \u00fadajoch, chr\u00e1ni\u0165 ich pred stratou, odcudzen\u00edm, po\u0161koden\u00edm, neopr\u00e1vnen\u00fdm pr\u00edstupom a neopr\u00e1vnen\u00fdm roz\u0161irovan\u00edm. Prev\u00e1dzkovate\u013e je opr\u00e1vnen\u00fd spr\u00edstup\u0148ova\u0165 osobn\u00e9 \u00fadaje tret\u00edm osob\u00e1m iba na z\u00e1klade pravidiel, pop\u00edsan\u00fdch v tomto dokumente. Ak\u00e9 osobn\u00e9 \u00fadaje z\u00edskavame a pre\u010do ich zbierame Objedn\u00e1vky 1. Kupuj\u00faci podpisom [&hellip;]<\/p>\n","protected":false},"author":1,"featured_media":0,"parent":0,"menu_order":0,"comment_status":"closed","ping_status":"closed","template":"","meta":{"rank_math_lock_modified_date":false,"_mi_skip_tracking":false,"_monsterinsights_sitenote_active":false,"_monsterinsights_sitenote_note":"","_monsterinsights_sitenote_category":0,"site-sidebar-layout":"no-sidebar","site-content-layout":"page-builder","ast-site-content-layout":"","site-content-style":"default","site-sidebar-style":"default","ast-global-header-display":"","ast-banner-title-visibility":"","ast-main-header-display":"","ast-hfb-above-header-display":"","ast-hfb-below-header-display":"","ast-hfb-mobile-header-display":"","site-post-title":"disabled","ast-breadcrumbs-content":"","ast-featured-img":"disabled","footer-sml-layout":"","theme-transparent-header-meta":"default","adv-header-id-meta":"","stick-header-meta":"","header-above-stick-meta":"","header-main-stick-meta":"","header-below-stick-meta":"","astra-migrate-meta-layouts":"default","ast-page-background-enabled":"default","ast-page-background-meta":{"desktop":{"background-color":"","background-image":"","background-repeat":"repeat","background-position":"center center","background-size":"auto","background-attachment":"scroll","background-type":"","background-media":"","overlay-type":"","overlay-color":"","overlay-opacity":"","overlay-gradient":""},"tablet":{"background-color":"","background-image":"","background-repeat":"repeat","background-position":"center center","background-size":"auto","background-attachment":"scroll","background-type":"","background-media":"","overlay-type":"","overlay-color":"","overlay-opacity":"","overlay-gradient":""},"mobile":{"background-color":"","background-image":"","background-repeat":"repeat","background-position":"center center","background-size":"auto","background-attachment":"scroll","background-type":"","background-media":"","overlay-type":"","overlay-color":"","overlay-opacity":"","overlay-gradient":""}},"ast-content-background-meta":{"desktop":{"background-color":"var(--ast-global-color-5)","background-image":"","background-repeat":"repeat","background-position":"center center","background-size":"auto","background-attachment":"scroll","background-type":"","background-media":"","overlay-type":"","overlay-color":"","overlay-opacity":"","overlay-gradient":""},"tablet":{"background-color":"var(--ast-global-color-5)","background-image":"","background-repeat":"repeat","background-position":"center center","background-size":"auto","background-attachment":"scroll","background-type":"","background-media":"","overlay-type":"","overlay-color":"","overlay-opacity":"","overlay-gradient":""},"mobile":{"background-color":"var(--ast-global-color-5)","background-image":"","background-repeat":"repeat","background-position":"center center","background-size":"auto","background-attachment":"scroll","background-type":"","background-media":"","overlay-type":"","overlay-color":"","overlay-opacity":"","overlay-gradient":""}},"footnotes":""},"class_list":["post-35422","page","type-page","status-publish","hentry"],"acf":[],"_links":{"self":[{"href":"https:\/\/macingova.com\/cs\/wp-json\/wp\/v2\/pages\/35422"}],"collection":[{"href":"https:\/\/macingova.com\/cs\/wp-json\/wp\/v2\/pages"}],"about":[{"href":"https:\/\/macingova.com\/cs\/wp-json\/wp\/v2\/types\/page"}],"author":[{"embeddable":true,"href":"https:\/\/macingova.com\/cs\/wp-json\/wp\/v2\/users\/1"}],"replies":[{"embeddable":true,"href":"https:\/\/macingova.com\/cs\/wp-json\/wp\/v2\/comments?post=35422"}],"version-history":[{"count":0,"href":"https:\/\/macingova.com\/cs\/wp-json\/wp\/v2\/pages\/35422\/revisions"}],"wp:attachment":[{"href":"https:\/\/macingova.com\/cs\/wp-json\/wp\/v2\/media?parent=35422"}],"curies":[{"name":"wp","href":"https:\/\/api.w.org\/{rel}","templated":true}]}}