{"id":35420,"date":"2019-01-06T21:07:38","date_gmt":"2019-01-06T20:07:38","guid":{"rendered":"https:\/\/macingova.com\/vseobecne-obchodni-podminky\/"},"modified":"2020-10-27T13:23:33","modified_gmt":"2020-10-27T12:23:33","slug":"vseobecne-obchodni-podminky","status":"publish","type":"page","link":"https:\/\/macingova.com\/cs\/vseobecne-obchodni-podminky\/","title":{"rendered":"V\u0161eobecn\u00e9 obchodn\u00ed podm\u00ednky"},"content":{"rendered":"\t\t<div data-elementor-type=\"wp-post\" data-elementor-id=\"35420\" class=\"elementor elementor-35420 elementor-29483\" data-elementor-post-type=\"page\">\n\t\t\t\t\t\t\t\t\t<section class=\"elementor-section elementor-top-section elementor-element elementor-element-79e96b4 elementor-section-boxed elementor-section-height-default elementor-section-height-default\" data-id=\"79e96b4\" data-element_type=\"section\">\n\t\t\t\t\t\t<div class=\"elementor-container elementor-column-gap-default\">\n\t\t\t\t\t<div class=\"elementor-column elementor-col-100 elementor-top-column elementor-element elementor-element-2476182\" data-id=\"2476182\" data-element_type=\"column\">\n\t\t\t<div class=\"elementor-widget-wrap elementor-element-populated\">\n\t\t\t\t\t\t\t\t<div class=\"elementor-element elementor-element-3a62ffc elementor-widget elementor-widget-text-editor\" data-id=\"3a62ffc\" data-element_type=\"widget\" data-widget_type=\"text-editor.default\">\n\t\t\t\t<div class=\"elementor-widget-container\">\n\t\t\t\t\t\t\t<p>Prev\u00e1dzkovate\u013eom webovej str\u00e1nky &#8220;macingova.com&#8221; je spolo\u010dnos\u0165 AntoniaLifestyle28, s.r.o., so s\u00eddlom Hlavn\u00e1 119, 040 01 Ko\u0161ice, Slovensk\u00e1 republika (identifika\u010dn\u00e9 \u010d\u00edslo: 48318809), zap\u00edsan\u00e1 v Obchodnom registri Okresn\u00e9ho s\u00fadu Ko\u0161ice I, oddiel Sro, vlo\u017eka \u010d\u00edslo 37992\/V.<\/p>\n<p>Prev\u00e1dzkovate\u013eom predaja m\u00e9di\u00ed (v tla\u010denej a elektronickej podobe) cez eshop &#8220;macingova.com&#8221;\u00a0 je spolo\u010dnos\u0165 AntoniaLifestyle28, s.r.o., so s\u00eddlom Hlavn\u00e1 119, 040 01 Ko\u0161ice, Slovensk\u00e1 republika (identifika\u010dn\u00e9 \u010d\u00edslo: 48318809), zap\u00edsan\u00e1 v Obchodnom registri Okresn\u00e9ho s\u00fadu Ko\u0161ice I, oddiel Sro, vlo\u017eka \u010d\u00edslo 37992\/V.<\/p>\n<p>Prev\u00e1dzkovate\u013eom don\u00e1\u0161ky stravy cez eshop &#8220;macingova.com&#8221; pre Slovensk\u00fa republiku (Ko\u0161ick\u00fd kraj, Pre\u0161ovsk\u00fd kraj) je spolo\u010dnos\u0165 EVENT 4 YOU s.r.o., so s\u00eddlom Dlh\u00fd rad 1433\/30, 085 01 Bardejov, Slovensk\u00e1 republika (identifika\u010dn\u00e9 \u010d\u00edslo: 48141909), zap\u00edsan\u00e1 v Obchodnom registri Okresn\u00e9ho s\u00fadu Pre\u0161ov, oddiel Sro, vlo\u017eka \u010d\u00edslo 31435\/P.<\/p>\n<p>Prev\u00e1dzkovate\u013eom don\u00e1\u0161ky stravy pre Slovensk\u00fa republiku (Bratislavsk\u00fd kraj, Trnavsk\u00fd kraj, Tren\u010diansky kraj, Nitriansky kraj, \u017dilinsk\u00fd kraj)\u00a0je spolo\u010dnos\u0165 Weomax Group s.r.o., so s\u00eddlom Kaprova 42\/14, 110 00 Praha 1, \u010cesk\u00e1 republika (identifika\u010dn\u00e9 \u010d\u00edslo: 02778815), veden\u00e1 u M\u011bstsk\u00e9ho soudu v Praze pod \u010d\u00edslom C 223593.<\/p>\n<p>Prev\u00e1dzkovate\u013eom don\u00e1\u0161ky stravy pre \u010cesk\u00fa republiku je spolo\u010dnos\u0165 Weomax Group s.r.o., so s\u00eddlom Kaprova 42\/14, 110 00 Praha 1, \u010cesk\u00e1 republika (identifika\u010dn\u00e9 \u010d\u00edslo: 02778815), veden\u00e1 u M\u011bstsk\u00e9ho soudu v Praze pod \u010d\u00edslom C 223593.<\/p>\n<h3>1. \u00daVODN\u00c9 USTANOVENIA<\/h3>\n<p>Tieto obchodn\u00e9 podmienky (\u010falej len \u201cobchodn\u00e9 podmienky\u201d) upravuj\u00fa vz\u00e1jomn\u00e9 pr\u00e1va a povinnosti zmluvn\u00fdch str\u00e1n vzniknut\u00e9 v s\u00favislosti alebo na z\u00e1klade zmluvy o poskytovan\u00ed slu\u017eieb (\u010falej len \u201czmluva o poskytovan\u00ed slu\u017eieb\u201d) uzatv\u00e1ran\u00e9 medzi prev\u00e1dzkovate\u013eom a objedn\u00e1vate\u013eom (\u010falej len \u201cu\u017e\u00edvate\u013e\u201d) prostredn\u00edctvom aplik\u00e1cie poskytovate\u013ea. Aplik\u00e1cia je prev\u00e1dzkovate\u013eom umiestnen\u00e1 na webovej adrese\u00a0 \u201cmacingova.com\u201d.<br \/>Obchodn\u00e9 podmienky \u010falej upravuj\u00fa pr\u00e1va a povinnosti zmluvn\u00fdch str\u00e1n pri vyu\u017e\u00edvan\u00ed webovej str\u00e1nky \u201cmacingova.com\u201d (\u010falej len \u201cwebov\u00e1 str\u00e1nka\u201d) a \u010fal\u0161ie s\u00favisiace pr\u00e1vne vz\u0165ahy. V r\u00e1mci vyu\u017e\u00edvania webovej str\u00e1nky prev\u00e1dzkovate\u013e umo\u017e\u0148uje vyh\u013ead\u00e1vanie, inform\u00e1cie o knih\u00e1ch, predaj tla\u010dov\u00fdch a elektronick\u00fdch m\u00e9di\u00ed, predaj don\u00e1\u0161ky stravy. Slu\u017eby webovej str\u00e1nky m\u00f4\u017ee vyu\u017e\u00edva\u0165 fyzick\u00e1 osoba, sp\u00f4sobil\u00e1 k v\u0161etk\u00fdm pr\u00e1vam a povinnostiam, ale aj osoba malolet\u00e1 pod doh\u013eadom svojich z\u00e1konn\u00fdch z\u00e1stupcov a s ich s\u00fahlasom.<br \/>Znenie obchodn\u00fdch podmienok m\u00f4\u017ee poskytovate\u013e meni\u0165 \u010di dopl\u0148ova\u0165. T\u00fdmto ustanoven\u00edm nie s\u00fa dotknut\u00e9 pr\u00e1va a povinnosti vznikaj\u00face po dobu \u00fa\u010dinnosti predch\u00e1dzaj\u00faceho znenia obchodn\u00fdch podmienok.<\/p>\n<h3>2. U\u017d\u00cdVATE\u013dSK\u00dd \u00da\u010cET<\/h3>\n<p>Pre vyu\u017e\u00edvanie slu\u017eieb on-line obchodu sa u\u017e\u00edvate\u013e mus\u00ed zaregistrova\u0165.<br \/>Pri registr\u00e1cii na webovej str\u00e1nke a pri vyu\u017e\u00edvan\u00ed slu\u017eieb poskytovate\u013ea je u\u017e\u00edvate\u013e povinn\u00fd uv\u00e1dza\u0165 spr\u00e1vne a pravdivo v\u0161etky svoje \u00fadaje. \u00dadaje uveden\u00e9 v u\u017e\u00edvate\u013eskom \u00fa\u010dte je u\u017e\u00edvate\u013e pri akejko\u013evek zmene povinn\u00fd aktualizova\u0165. \u00dadaje uveden\u00e9 u\u017e\u00edvate\u013eom v u\u017e\u00edvate\u013eskom \u00fa\u010dte a pri pou\u017e\u00edvan\u00ed aplik\u00e1ci\u00ed s\u00fa poskytovate\u013eom pova\u017eovan\u00e9 za spr\u00e1vne.<br \/>Pr\u00edstup k u\u017e\u00edvate\u013esk\u00e9mu \u00fa\u010dtu je zabezpe\u010den\u00fd u\u017e\u00edvate\u013esk\u00fdm menom a heslom. U\u017e\u00edvate\u013e je povinn\u00fd zachov\u00e1va\u0165 ml\u010danlivos\u0165 oh\u013eadom inform\u00e1ci\u00ed potrebn\u00fdch na pr\u00edstup do jeho u\u017e\u00edvate\u013esk\u00e9ho \u00fa\u010dtu a berie na vedomie, \u017ee poskytovate\u013e nenesie zodpovednos\u0165 za poru\u0161enie tejto povinnosti zo strany u\u017e\u00edvate\u013ea. Poskytovate\u013e neberie zodpovednos\u0165 ani za zabudnutie t\u00fdchto \u00fadajov.<br \/>U\u017e\u00edvate\u013e nie je opr\u00e1vnen\u00fd umo\u017eni\u0165 vyu\u017e\u00edvanie u\u017e\u00edvate\u013esk\u00e9ho \u00fa\u010dtu tret\u00edm osob\u00e1m. Poskytovate\u013e nie je zodpovedn\u00fd za zneu\u017eitie \u00fa\u010dtu u\u017e\u00edvate\u013ea.<br \/>U\u017e\u00edvate\u013e m\u00f4\u017ee pou\u017ei\u0165 svoje u\u017e\u00edvate\u013esk\u00e9 meno a heslo pre registr\u00e1ciu obmedzen\u00e9ho po\u010dtu zariaden\u00ed. Na z\u00e1klade registr\u00e1cie objedn\u00e1vate\u013ea vykonanej na webovej str\u00e1nke m\u00f4\u017ee u\u017e\u00edvate\u013e pristupova\u0165 do svojho pou\u017e\u00edvate\u013esk\u00e9ho rozhrania prostredn\u00edctvom webovej str\u00e1nky. Zo svojho u\u017e\u00edvate\u013esk\u00e9ho rozhrania m\u00f4\u017ee u\u017e\u00edvate\u013e vyu\u017e\u00edva\u0165 slu\u017eby poskytovate\u013ea (\u010falej len \u201cu\u017e\u00edvate\u013esk\u00fd \u00fa\u010det\u201d).<br \/>Poskytovate\u013e m\u00f4\u017ee obmedzi\u0165 u\u017e\u00edvate\u013eovi pr\u00edstup k u\u017e\u00edvate\u013esk\u00e9mu \u00fa\u010dtu v aplik\u00e1cii a to najm\u00e4 v pr\u00edpade, kedy u\u017e\u00edvate\u013e neumo\u017en\u00ed aplik\u00e1cii po\u010das po\u017eadovanej doby spojenie so serverom, a to bez n\u00e1hrady. Op\u00e4tovn\u00fd pr\u00edstup z\u00edska aplik\u00e1cia k u\u017e\u00edvate\u013esk\u00e9mu \u00fa\u010dtu a\u017e v pr\u00edpade, ke\u010f pou\u017e\u00edvate\u013e op\u00e4tovne zad\u00e1 svoje u\u017e\u00edvate\u013esk\u00e9 meno a heslo a toto bude overen\u00e9 s jeho registr\u00e1ciou.<br \/>Poskytovate\u013e m\u00f4\u017ee obmedzi\u0165 u\u017e\u00edvate\u013eovi pr\u00edstup k u\u017e\u00edvate\u013esk\u00e9mu \u00fa\u010dtu a to v pr\u00edpade, kedy u\u017e\u00edvate\u013e poru\u0161\u00ed svoje povinnosti zo zmluvy o poskytovan\u00ed slu\u017eieb (vr\u00e1tane obchodn\u00fdch podmienok), a to bez n\u00e1hrady.<br \/>U\u017e\u00edvate\u013e berie na vedomie, \u017ee u\u017e\u00edvate\u013esk\u00fd \u00fa\u010det nemus\u00ed by\u0165 dostupn\u00fd nepretr\u017eite, a to najm\u00e4 s oh\u013eadom na nutn\u00fa \u00fadr\u017ebu hardwarov\u00e9ho a softwarov\u00e9ho vybavenia pred\u00e1vaj\u00faceho.<br \/>U\u017e\u00edvate\u013e nie je opr\u00e1vnen\u00fd nejak\u00fdm sp\u00f4sobom maskova\u0165 alebo utajova\u0165 svoju IP adresu alebo geografick\u00fa polohu.<\/p>\n<h3>3. ELEKTRONICK\u00c9 KNIHY A ZARIADENIA<\/h3>\n<p>U\u017e\u00edvate\u013e berie na vedomie, \u017ee elektronick\u00e9 knihy s\u00fa chr\u00e1nen\u00e9 autorsk\u00fdm z\u00e1konom, zabezpe\u010den\u00e9 proti kop\u00edrovaniu a \u0161\u00edreniu a zav\u00e4zuje sa, \u017ee knihy nebude modifikova\u0165, nezneu\u017eije ich a nebude ich poskytova\u0165 \u010falej, \u0161\u00edri\u0165 ani realizova\u0165 tak\u00e9 kroky, ktor\u00e9 by mali za cie\u013e naru\u0161i\u0165 ochranu poskytovan\u00fdch elektronick\u00fdch kn\u00edh. U\u017e\u00edvate\u013e je zodpovedn\u00fd za \u0161kodu, ktor\u00e1 tak\u00fdmto jeho spr\u00e1van\u00edm m\u00f4\u017ee vznikn\u00fa\u0165.<br \/>U\u017e\u00edvate\u013e si je vedom\u00fd toho, \u017ee knihy mo\u017eno \u010d\u00edta\u0165 len na niektor\u00fdch zariadeniach, a to na t\u00fdch, ktor\u00e9 maj\u00fa potrebn\u00e9 softv\u00e9rov\u00e9 vybavenie pre vyu\u017e\u00edvanie slu\u017eieb na webe &#8220;macingova.com&#8221;.<\/p>\n<p>Ak pou\u017e\u00edvate\u013e nem\u00e1 potrebn\u00e9 softwarov\u00e9 vybavenie, poskytovate\u013e nezodpoved\u00e1 za nemo\u017enos\u0165 \u010d\u00edtania diela.<br \/>Poskytovate\u013e m\u00e1 pr\u00e1vo zru\u0161i\u0165 u\u017e\u00edvate\u013esk\u00fd \u00fa\u010det bez n\u00e1hrady, ak u\u017e\u00edvate\u013e poru\u0161\u00ed svoje z\u00e1v\u00e4zky najm\u00e4 z\u00e1v\u00e4zok knihy nemodifikova\u0165, nezneu\u017ei\u0165, ne\u0161\u00edri\u0165 a nerealizuje kroky ved\u00face k naru\u0161eniu ochrany elektronick\u00fdch kn\u00edh. Ak d\u00f4jde k tak\u00e9muto zru\u0161eniu u\u017e\u00edvate\u013esk\u00e9ho \u00fa\u010dtu, strat\u00ed objedn\u00e1vate\u013e mo\u017enos\u0165 prihl\u00e1si\u0165 sa do svojho u\u017e\u00edvate\u013esk\u00e9ho rozhrania, v\u0161etok pr\u00edstup ku knih\u00e1m a tie\u017e pr\u00edstup ku knih\u00e1m u\u017e zak\u00fapen\u00fdm.<br \/>Aplik\u00e1cia, prostredn\u00edctvom ktorej bude ma\u0165 u\u017e\u00edvate\u013e pr\u00edstup ku knih\u00e1m, si m\u00f4\u017ee sama vy\u017eiada\u0165 update (ak to bude potrebn\u00e9) a u\u017e\u00edvate\u013e ho mus\u00ed strpie\u0165.<\/p>\n<h3>4. UZAVRETIE ZMLUVY O POSKYTOVAN\u00cd SLU\u017dIEB<\/h3>\n<p>Jednotliv\u00e9 webov\u00e9 rozhrania na platforme &#8220;macingova.com&#8221; obsahuj\u00fa produkty, pon\u00fakan\u00e9 prev\u00e1dzkovate\u013emi k vyu\u017e\u00edvaniu a to vr\u00e1tane ceny slu\u017eby pre jednotliv\u00e9 produkty. Ceny slu\u017eieb pon\u00fakan\u00fdch produktov s\u00fa uveden\u00e9 vr\u00e1tane dane z pridanej hodnoty.<br \/>Zmluva o poskytovan\u00ed slu\u017eieb vznik\u00e1 medzi objedn\u00e1vate\u013eom a prev\u00e1dzkovate\u013eom danej slu\u017eby.<br \/>Objedn\u00e1vate\u013e si m\u00f4\u017ee produkt objedna\u0165 sp\u00f4sobom, \u201cprida\u0165 do ko\u0161\u00edka\u201d, ke\u010f si prid\u00e1 produkt do svojho elektronick\u00e9ho ko\u0161\u00edka na webovom rozhran\u00ed. Platbu za produkt je mo\u017en\u00e9 vykona\u0165 kartou online (v pr\u00edpade m\u00e9di\u00ed), prevodom na \u00fa\u010det, alebo dobierkou. Pri objedn\u00e1van\u00ed produktov poskytovate\u013e pracuje s \u00fadajmi uveden\u00fdmi pri registr\u00e1cii. Tieto \u00fadaje s\u00fa poskytovate\u013eom pova\u017eovan\u00e9 za spr\u00e1vne a pou\u017e\u00edvate\u013e za ich spr\u00e1vnos\u0165 zodpoved\u00e1.<br \/>Ponuka vyu\u017e\u00edvania slu\u017eieb a ich ceny zost\u00e1vaj\u00fa v platnosti po dobu, kedy s\u00fa zobrazovan\u00e9 vo webovom rozhran\u00ed. Cena produktov sa vz\u0165ahuje na moment platby, nie na moment pridania do ko\u0161\u00edka. Objedn\u00e1vate\u013e uhrad\u00ed uveden\u00fa \u010diastku prostredn\u00edctvom platobnej karty cez webov\u00e9 rozhranie poskytovate\u013ea platieb.<br \/>Poskytovate\u013e prehlasuje, \u017ee platby pomocou platobn\u00fdch kariet zabezpe\u010duje spolo\u010dnos\u0165 Stripe.com\u00a0a realizuje platobn\u00e9 transakcie na svoj \u00fa\u010det a svoje obchodn\u00e9 meno. Pr\u00edpadn\u00e9 reklam\u00e1cie a ot\u00e1zky na platobn\u00e9 transakcie m\u00f4\u017ee z\u00e1kazn\u00edk smerova\u0165 priamo na AntoniaLifestyle28, s.r.o. p\u00edsomne na adresu s\u00eddla spolo\u010dnosti, alebo emailom admin@macingova.com<\/p>\n<h3>5. \u010eAL\u0160IE PR\u00c1VA A POVINNOSTI ZMLUVN\u00ddCH STR\u00c1N<\/h3>\n<p>Slu\u017eby poskytovan\u00e9 poskytovate\u013eom m\u00f4\u017eu by\u0165 vyu\u017e\u00edvan\u00e9 len na z\u00e1konn\u00e9 \u00fa\u010dely. V\u0161etka \u010dinnos\u0165, ktor\u00e1 je vykon\u00e1van\u00e1 v rozpore s legislat\u00edvou Slovenskej republiky, verejn\u00fdm poriadkom alebo dobr\u00fdmi mravmi, je zak\u00e1zan\u00e1. Objedn\u00e1vate\u013e prehlasuje, \u017ee poskytovate\u013e nenesie pr\u00e1vnu zodpovednos\u0165 za \u0161kody sp\u00f4soben\u00e9 v s\u00falade s u\u017e\u00edvan\u00edm vo\u010di objedn\u00e1vate\u013eovi ani tret\u00edm stran\u00e1m.<br \/>V pr\u00edpade zistenia ak\u00fdchko\u013evek z\u00e1vad je u\u017e\u00edvate\u013e povinn\u00fd ihne\u010f informova\u0165 poskytovate\u013ea.<br \/>U\u017e\u00edvate\u013e nie je opr\u00e1vnen\u00fd podnika\u0165 ak\u00e9ko\u013evek kroky, ktor\u00e9 by mohli ma\u0165 negat\u00edvny vplyv na prev\u00e1dzku aplik\u00e1cie alebo servera.<br \/>U\u017e\u00edvate\u013e sa zav\u00e4zuje, \u017ee sa nebude sna\u017ei\u0165 prelomi\u0165 ochranu autorsk\u00fdch pr\u00e1v a \u010fal\u0161ie predpisy, ktor\u00fdmi sa riadi ochrana du\u0161evn\u00e9ho vlastn\u00edctva.<br \/>U\u017e\u00edvate\u013e berie na vedomie, \u017ee nie je opr\u00e1vnen\u00fd rozmno\u017eova\u0165, kop\u00edrova\u0165, distribuova\u0165, pred\u00e1va\u0165, pren\u00e1\u0161a\u0165 obsah webu a elektronick\u00fdch kn\u00edh, meni\u0165, upravova\u0165 \u010di inak zasahova\u0165 do webu alebo elektronick\u00fdch kn\u00edh.<br \/>U\u017e\u00edvate\u013e si je vedom\u00fd, \u017ee nem\u00f4\u017ee \u0161\u00edri\u0165 z\u00edskan\u00e9 produkty a pokia\u013e tieto produkty roz\u0161\u00edri, je zodpovedn\u00fd za \u0161kodu a m\u00f4\u017ee po \u0148om by\u0165 vym\u00e1han\u00e1 n\u00e1hrada sp\u00f4sobenej \u0161kody.<br \/>Ak bude zisten\u00e1 snaha o poru\u0161en\u00ed pravidiel, bude u\u017e\u00edvate\u013e pokutovan\u00fd a bude mu bez n\u00e1hrady odobrat\u00fd pr\u00edstup k u\u017e\u00edvate\u013esk\u00e9mu \u00fa\u010dtu.<\/p>\n<h3>6. OCHRANA OSOBN\u00ddCH \u00daDAJOV<\/h3>\n<p>1. Prev\u00e1dzkovate\u013e\/prev\u00e1dzkovatelia sa zav\u00e4zuj\u00fa zachov\u00e1va\u0165 ml\u010danlivos\u0165 o v\u0161etk\u00fdch poskytnut\u00fdch osobn\u00fdch \u00fadajoch, chr\u00e1ni\u0165 ich pred stratou, odcudzen\u00edm, po\u0161koden\u00edm, neopr\u00e1vnen\u00fdm pr\u00edstupom a neopr\u00e1vnen\u00fdm roz\u0161irovan\u00edm. Prev\u00e1dzkovate\u013e je opr\u00e1vnen\u00fd spr\u00edstup\u0148ova\u0165 osobn\u00e9 \u00fadaje tret\u00edm osob\u00e1m iba na z\u00e1klade pravidiel pop\u00edsan\u00fdch v dokumente <a href=\"https:\/\/macingova.com\/cs\/zasady-ochrany-osobnich-udaju\/\">Z\u00e1sady ochrany osobn\u00fdch \u00fadajov<\/a>.<\/p>\n<h3>7. ALTERNAT\u00cdVNE RIE\u0160ENIE SPOROV<\/h3>\n<p>1 V pr\u00edpade, \u017ee Kupuj\u00faci nie je spokojn\u00fd so sp\u00f4sobom, ktor\u00fdm prev\u00e1dzkovate\u013e vybavil jeho reklam\u00e1ciu alebo sa domnieva, \u017ee prev\u00e1dzkovate\u013e poru\u0161il jeho pr\u00e1va, Kupuj\u00faci m\u00e1 pr\u00e1vo obr\u00e1ti\u0165 sa na prev\u00e1dzkovate\u013ea so \u017eiados\u0165ou o n\u00e1pravu. Ak pred\u00e1vaj\u00faci na \u017eiados\u0165 Kupuj\u00faceho pod\u013ea predch\u00e1dzaj\u00facej vety odpovie zamietavo alebo na tak\u00fato \u017eiados\u0165 neodpovie v lehote do 30 dn\u00ed odo d\u0148a jej odoslania Kupuj\u00facim, Kupuj\u00faci m\u00e1 pr\u00e1vo poda\u0165 n\u00e1vrh na za\u010datie alternat\u00edvneho rie\u0161enia sporu pod\u013ea ustanovenia \u00a7 12 z\u00e1kona \u010d. 391\/2015 Z.z. o alternat\u00edvnom rie\u0161en\u00ed spotrebite\u013esk\u00fdch sporov a o zmene a doplnen\u00ed niektor\u00fdch z\u00e1konov (\u010falej len ako \u201eZ\u00e1kon o alternat\u00edvnom rie\u0161en\u00ed spotrebite\u013esk\u00fdch sporov\u201c). Pr\u00edslu\u0161n\u00fdm subjektom na alternat\u00edvne rie\u0161enie spotrebite\u013esk\u00fdch sporov s Pred\u00e1vaj\u00facim je (i) Slovensk\u00e1 obchodn\u00e1 in\u0161pekcia, ktor\u00fa je mo\u017en\u00e9 za uveden\u00fdm \u00fa\u010delom kontaktova\u0165 na adrese \u00dastredn\u00fd in\u0161pektor\u00e1t SOI, Odbor medzin\u00e1rodn\u00fdch vz\u0165ahov a ARS, Prievozsk\u00e1 32, po\u0161tov\u00fd prie\u010dinok 29, 827 99 Bratislava alebo elektronicky na ars@soi.sk alebo adr@soi.sk alebo (ii) in\u00e1 pr\u00edslu\u0161n\u00e1 opr\u00e1vnen\u00e1 pr\u00e1vnick\u00e1 osoba zap\u00edsan\u00e1 v zozname subjektov alternat\u00edvneho rie\u0161enia sporov vedenom Ministerstvom hospod\u00e1rska Slovenskej republiky (zoznam opr\u00e1vnen\u00fdch subjektov je dostupn\u00fd na str\u00e1nke http:\/\/www.mhsr.sk\/zoznam-subjektov-alternativneho-riesenia-spotrebitelskych-sporov\/146987s ), pri\u010dom Kupuj\u00faci m\u00e1 pr\u00e1vo vo\u013eby, na ktor\u00fd z uveden\u00fdch subjektov alternat\u00edvneho rie\u0161enia sporov sa obr\u00e1ti. Mo\u017enos\u0165 obr\u00e1ti\u0165 sa na s\u00fad t\u00fdm nie je dotknut\u00e1. Kupuj\u00faci m\u00f4\u017ee na podanie n\u00e1vrhu na alternat\u00edvne rie\u0161enie svojho spotrebite\u013esk\u00e9ho sporu pou\u017ei\u0165 platformu pre rie\u0161enie sporov on-line, ktor\u00e1 je dostupn\u00e1 na webovej str\u00e1nke http:\/\/ec.europa.eu\/consumers\/odr\/ .<\/p>\n<p>2. N\u00e1vrh Kupuj\u00faceho na za\u010datie alternat\u00edvneho rie\u0161enia sporu mus\u00ed v zmysle \u00a7 12 odsek 3 Z\u00e1kona o alternat\u00edvnom rie\u0161en\u00ed spotrebite\u013esk\u00fdch sporov obsahova\u0165:<\/p>\n<p>a) meno a priezvisko spotrebite\u013ea, adresu na doru\u010dovanie, elektronick\u00fa adresu a telefonick\u00fd kontakt, ak ich m\u00e1,<br \/>b) presn\u00e9 ozna\u010denie Pred\u00e1vaj\u00faceho,<br \/>c) \u00fapln\u00fd a zrozumite\u013en\u00fd opis rozhoduj\u00facich skuto\u010dnost\u00ed,<br \/>d) ozna\u010denie, \u010doho sa Kupuj\u00faci ako spotrebite\u013e dom\u00e1ha,<br \/>e) d\u00e1tum, kedy sa Kupuj\u00faci ako spotrebite\u013e obr\u00e1til na Pred\u00e1vaj\u00faceho so \u017eiados\u0165ou o n\u00e1pravu a inform\u00e1ciu, \u017ee pokus o vyrie\u0161enie sporu priamo s Pred\u00e1vaj\u00facim bol bezv\u00fdsledn\u00fd,<br \/>f) vyhl\u00e1senie o tom, \u017ee vo veci nebol zaslan\u00fd rovnak\u00fd n\u00e1vrh in\u00e9mu subjektu alternat\u00edvneho rie\u0161enia sporov, nerozhodol vo veci s\u00fad alebo rozhodcovsk\u00fd s\u00fad, vo veci nebola uzavret\u00e1 dohoda o medi\u00e1cii ani nebolo vo veci ukon\u010den\u00e9 alternat\u00edvne rie\u0161enie sporu sp\u00f4sobom pod\u013ea \u00a7 20 ods. 1 p\u00edsm. a) a\u017e e) Z\u00e1kona o alternat\u00edvnom rie\u0161en\u00ed spotrebite\u013esk\u00fdch sporov.<\/p>\n<p>N\u00e1vrh mo\u017eno poda\u0165 v listinnej podobe, elektronickej podobe alebo \u00fastne do z\u00e1pisnice. Na podanie n\u00e1vrhu m\u00f4\u017ee Kupuj\u00faci vyu\u017ei\u0165 formul\u00e1r, ktor\u00e9ho vzor je k dispoz\u00edcii na stiahnutie na na webovom s\u00eddle ministerstva (http:\/\/www.mhsr.sk) a ka\u017ed\u00e9ho subjektu alternat\u00edvneho rie\u0161enia sporov. K n\u00e1vrhu Kupuj\u00faci prilo\u017e\u00ed doklady s\u00favisiace s predmetom sporu, ktor\u00e9 preukazuj\u00fa skuto\u010dnosti uveden\u00e9 v n\u00e1vrhu.<\/p>\n<h3>8. Z\u00c1VERE\u010cN\u00c9 USTANOVENIA<\/h3>\n<p>Prev\u00e1dzkovate\u013e m\u00f4\u017ee kedyko\u013evek bez predch\u00e1dzaj\u00faceho upozornenia zmeni\u0165 zoznam aj obsah produktov a slu\u017eieb.<br \/>Prev\u00e1dzkovate\u013e si vyhradzuje pr\u00e1vo tieto obchodn\u00e9 podmienky kedyko\u013evek meni\u0165 alebo doplni\u0165. Zmeny alebo doplnky t\u00fdchto podmienok nadob\u00fadaj\u00fa \u00fa\u010dinnos\u0165 d\u0148om ich zverejnenia na webovom rozhran\u00ed na platforme \u201cmacingova.com\u201d.<br \/>Registr\u00e1ciou objedn\u00e1vate\u013e z\u00e1rove\u0148 potvrdzuje svoj bezv\u00fdhradn\u00fd s\u00fahlas s obchodn\u00fdmi podmienkami poskytovate\u013ea.<\/p>\n<p>V Ko\u0161iciach, 26.10.2020<\/p>\n\t\t\t\t\t\t<\/div>\n\t\t\t\t<\/div>\n\t\t\t\t\t<\/div>\n\t\t<\/div>\n\t\t\t\t\t\t\t<\/div>\n\t\t<\/section>\n\t\t\t\t\t\t\t<\/div>\n\t\t","protected":false},"excerpt":{"rendered":"<p>Prev\u00e1dzkovate\u013eom webovej str\u00e1nky &#8220;macingova.com&#8221; je spolo\u010dnos\u0165 AntoniaLifestyle28, s.r.o., so s\u00eddlom Hlavn\u00e1 119, 040 01 Ko\u0161ice, Slovensk\u00e1 republika (identifika\u010dn\u00e9 \u010d\u00edslo: 48318809), zap\u00edsan\u00e1 v Obchodnom registri Okresn\u00e9ho s\u00fadu Ko\u0161ice I, oddiel Sro, vlo\u017eka \u010d\u00edslo 37992\/V. Prev\u00e1dzkovate\u013eom predaja m\u00e9di\u00ed (v tla\u010denej a elektronickej podobe) cez eshop &#8220;macingova.com&#8221;\u00a0 je spolo\u010dnos\u0165 AntoniaLifestyle28, s.r.o., so s\u00eddlom Hlavn\u00e1 119, 040 01 Ko\u0161ice, [&hellip;]<\/p>\n","protected":false},"author":1,"featured_media":0,"parent":0,"menu_order":0,"comment_status":"closed","ping_status":"closed","template":"","meta":{"rank_math_lock_modified_date":false,"_mi_skip_tracking":false,"_monsterinsights_sitenote_active":false,"_monsterinsights_sitenote_note":"","_monsterinsights_sitenote_category":0,"site-sidebar-layout":"no-sidebar","site-content-layout":"page-builder","ast-site-content-layout":"","site-content-style":"default","site-sidebar-style":"default","ast-global-header-display":"","ast-banner-title-visibility":"","ast-main-header-display":"","ast-hfb-above-header-display":"","ast-hfb-below-header-display":"","ast-hfb-mobile-header-display":"","site-post-title":"disabled","ast-breadcrumbs-content":"","ast-featured-img":"disabled","footer-sml-layout":"","theme-transparent-header-meta":"","adv-header-id-meta":"","stick-header-meta":"","header-above-stick-meta":"","header-main-stick-meta":"","header-below-stick-meta":"","astra-migrate-meta-layouts":"default","ast-page-background-enabled":"default","ast-page-background-meta":{"desktop":{"background-color":"","background-image":"","background-repeat":"repeat","background-position":"center center","background-size":"auto","background-attachment":"scroll","background-type":"","background-media":"","overlay-type":"","overlay-color":"","overlay-opacity":"","overlay-gradient":""},"tablet":{"background-color":"","background-image":"","background-repeat":"repeat","background-position":"center center","background-size":"auto","background-attachment":"scroll","background-type":"","background-media":"","overlay-type":"","overlay-color":"","overlay-opacity":"","overlay-gradient":""},"mobile":{"background-color":"","background-image":"","background-repeat":"repeat","background-position":"center center","background-size":"auto","background-attachment":"scroll","background-type":"","background-media":"","overlay-type":"","overlay-color":"","overlay-opacity":"","overlay-gradient":""}},"ast-content-background-meta":{"desktop":{"background-color":"var(--ast-global-color-5)","background-image":"","background-repeat":"repeat","background-position":"center center","background-size":"auto","background-attachment":"scroll","background-type":"","background-media":"","overlay-type":"","overlay-color":"","overlay-opacity":"","overlay-gradient":""},"tablet":{"background-color":"var(--ast-global-color-5)","background-image":"","background-repeat":"repeat","background-position":"center center","background-size":"auto","background-attachment":"scroll","background-type":"","background-media":"","overlay-type":"","overlay-color":"","overlay-opacity":"","overlay-gradient":""},"mobile":{"background-color":"var(--ast-global-color-5)","background-image":"","background-repeat":"repeat","background-position":"center center","background-size":"auto","background-attachment":"scroll","background-type":"","background-media":"","overlay-type":"","overlay-color":"","overlay-opacity":"","overlay-gradient":""}},"footnotes":""},"class_list":["post-35420","page","type-page","status-publish","hentry"],"acf":[],"_links":{"self":[{"href":"https:\/\/macingova.com\/cs\/wp-json\/wp\/v2\/pages\/35420"}],"collection":[{"href":"https:\/\/macingova.com\/cs\/wp-json\/wp\/v2\/pages"}],"about":[{"href":"https:\/\/macingova.com\/cs\/wp-json\/wp\/v2\/types\/page"}],"author":[{"embeddable":true,"href":"https:\/\/macingova.com\/cs\/wp-json\/wp\/v2\/users\/1"}],"replies":[{"embeddable":true,"href":"https:\/\/macingova.com\/cs\/wp-json\/wp\/v2\/comments?post=35420"}],"version-history":[{"count":0,"href":"https:\/\/macingova.com\/cs\/wp-json\/wp\/v2\/pages\/35420\/revisions"}],"wp:attachment":[{"href":"https:\/\/macingova.com\/cs\/wp-json\/wp\/v2\/media?parent=35420"}],"curies":[{"name":"wp","href":"https:\/\/api.w.org\/{rel}","templated":true}]}}